{"id":1034,"date":"2023-11-18T03:43:00","date_gmt":"2023-11-18T03:43:00","guid":{"rendered":"https:\/\/msagagepro.com\/solicitar-demostracion\/"},"modified":"2025-06-23T18:31:55","modified_gmt":"2025-06-23T18:31:55","slug":"solicitar-demostracion","status":"publish","type":"page","link":"https:\/\/msagagepro.com\/es\/solicitar-demostracion\/","title":{"rendered":"Solicitar Demostraci\u00f3n"},"content":{"rendered":"<p>[et_pb_section fb_built=&#8221;1&#8243; admin_label=&#8221;Header &#038; Contact Info&#8221; _builder_version=&#8221;4.24.3&#8243; _module_preset=&#8221;default&#8221; background_color=&#8221;RGBA(255,255,255,0)&#8221; background_enable_image=&#8221;off&#8221; custom_padding=&#8221;50px||50px||false|false&#8221; hover_enabled=&#8221;0&#8243; collapsed=&#8221;on&#8221; global_colors_info=&#8221;{}&#8221; use_background_color_gradient=&#8221;on&#8221; background_color_gradient_stops=&#8221;#3f2f86 0%|#000000 100%&#8221; sticky_enabled=&#8221;0&#8243; locked=&#8221;off&#8221; background_color_gradient_type=&#8221;circular&#8221;][et_pb_row column_structure=&#8221;1_2,1_2&#8243; _builder_version=&#8221;4.21.0&#8243; _module_preset=&#8221;default&#8221; custom_margin=&#8221;-40px||||false|false&#8221; global_colors_info=&#8221;{}&#8221;][et_pb_column type=&#8221;1_2&#8243; _builder_version=&#8221;4.22.0&#8243; _module_preset=&#8221;default&#8221; global_colors_info=&#8221;{}&#8221;][et_pb_text _builder_version=&#8221;4.24.3&#8243; _module_preset=&#8221;default&#8221; text_font=&#8221;IBM Plex Sans|600|||||||&#8221; text_text_color=&#8221;#112235&#8243; text_font_size=&#8221;20px&#8221; custom_margin=&#8221;0px||17px||false|false&#8221; hover_enabled=&#8221;0&#8243; global_colors_info=&#8221;{}&#8221; sticky_enabled=&#8221;0&#8243;]<\/p>\n<p><img decoding=\"async\" src=\"https:\/\/msagagepro.com\/wp-content\/uploads\/2025\/05\/Logo-White-300x72.png\" width=\"214\" height=\"51\" alt=\"\" class=\"wp-image-2656 alignnone size-medium\" \/><\/p>\n<p>[\/et_pb_text][et_pb_text _builder_version=&#8221;4.24.3&#8243; _module_preset=&#8221;7e25d228-eff2-47bc-8039-fe6dbe9fffae&#8221; text_font=&#8221;IBM Plex Sans|700|||||||&#8221; text_text_color=&#8221;#ffffff&#8221; text_font_size=&#8221;42px&#8221; text_line_height=&#8221;1.1em&#8221; header_font=&#8221;Poppins|600|||||||&#8221; header_font_size=&#8221;50px&#8221; custom_margin=&#8221;||19px|||&#8221; hover_enabled=&#8221;0&#8243; global_colors_info=&#8221;{}&#8221; sticky_enabled=&#8221;0&#8243;]Obt\u00e9n una <span style=\"font-style: italic; font-weight: bold; color: #fdc818;\">demostraci\u00f3n gratuita<\/span> de MSA Gage Pro[\/et_pb_text][et_pb_text _builder_version=&#8221;4.24.3&#8243; _module_preset=&#8221;default&#8221; text_font=&#8221;IBM Plex Sans|600|||||||&#8221; text_text_color=&#8221;#ffffff&#8221; text_font_size=&#8221;20px&#8221; custom_margin=&#8221;0px||||false|false&#8221; hover_enabled=&#8221;0&#8243; global_colors_info=&#8221;{}&#8221; sticky_enabled=&#8221;0&#8243;]Lib\u00e9rate del trabajo manual y <span style=\"font-weight: bold; color: #fdc818;\"> accede a la informaci\u00f3n de todos tus gages desde cualquier dispositivo,<\/span> ya sea en tu computadora, tablet o celular.[\/et_pb_text][et_pb_blurb title=&#8221;Mant\u00e9n el control de tus dispositivos en un solo lugar&#8221; use_icon=&#8221;on&#8221; font_icon=&#8221;&#xf00c;||fa||900&#8243; icon_color=&#8221;#22c55e&#8221; image_icon_background_color=&#8221;RGBA(255,255,255,0)&#8221; image_icon_width=&#8221;24px&#8221; _builder_version=&#8221;4.24.3&#8243; _module_preset=&#8221;adf7b5ff-1adc-4161-bb28-d0f69e896f3b&#8221; header_font=&#8221;IBM Plex Sans|500|||||||&#8221; header_text_align=&#8221;left&#8221; header_line_height=&#8221;1.1em&#8221; body_font=&#8221;IBM Plex Sans||||||||&#8221; body_link_text_color=&#8221;gcid-81367860-ebe3-4b2c-9073-7bf97634525b&#8221; image_icon_custom_margin=&#8221;-2px||12px|0px|false|false&#8221; image_icon_custom_padding=&#8221;0px|0px|0px|0px|false|false&#8221; custom_margin=&#8221;0px||12px|0px|false|false&#8221; hover_enabled=&#8221;0&#8243; locked=&#8221;off&#8221; global_colors_info=&#8221;{%22gcid-81367860-ebe3-4b2c-9073-7bf97634525b%22:%91%22body_link_text_color%22%93}&#8221; sticky_enabled=&#8221;0&#8243; background_layout=&#8221;dark&#8221; border_radii_image=&#8221;off|0px|0px|0px|0px&#8221; custom_padding=&#8221;0px||1px||false|false&#8221;][\/et_pb_blurb][et_pb_blurb title=&#8221;Olv\u00eddate del papel y hojas de c\u00e1lculo&#8221; use_icon=&#8221;on&#8221; font_icon=&#8221;&#xf00c;||fa||900&#8243; icon_color=&#8221;#22c55e&#8221; image_icon_background_color=&#8221;RGBA(255,255,255,0)&#8221; image_icon_width=&#8221;24px&#8221; _builder_version=&#8221;4.24.3&#8243; _module_preset=&#8221;adf7b5ff-1adc-4161-bb28-d0f69e896f3b&#8221; header_font=&#8221;IBM Plex Sans|500|||||||&#8221; header_text_align=&#8221;left&#8221; header_line_height=&#8221;1.1em&#8221; body_font=&#8221;IBM Plex Sans||||||||&#8221; body_link_text_color=&#8221;gcid-81367860-ebe3-4b2c-9073-7bf97634525b&#8221; image_icon_custom_margin=&#8221;-2px||12px|0px|false|false&#8221; image_icon_custom_padding=&#8221;0px|0px|0px|0px|false|false&#8221; custom_margin=&#8221;0px||12px|0px|false|false&#8221; hover_enabled=&#8221;0&#8243; locked=&#8221;off&#8221; global_colors_info=&#8221;{%22gcid-81367860-ebe3-4b2c-9073-7bf97634525b%22:%91%22body_link_text_color%22%93}&#8221; sticky_enabled=&#8221;0&#8243; background_layout=&#8221;dark&#8221; border_radii_image=&#8221;off|0px|0px|0px|0px&#8221; custom_padding=&#8221;0px||1px||false|false&#8221;][\/et_pb_blurb][et_pb_blurb title=&#8221;Consulta informaci\u00f3n desde tu celular en todo momento&#8221; use_icon=&#8221;on&#8221; font_icon=&#8221;&#xf00c;||fa||900&#8243; icon_color=&#8221;#22c55e&#8221; image_icon_background_color=&#8221;RGBA(255,255,255,0)&#8221; image_icon_width=&#8221;24px&#8221; _builder_version=&#8221;4.24.3&#8243; _module_preset=&#8221;adf7b5ff-1adc-4161-bb28-d0f69e896f3b&#8221; header_font=&#8221;IBM Plex Sans|500|||||||&#8221; header_text_align=&#8221;left&#8221; header_line_height=&#8221;1.1em&#8221; body_font=&#8221;IBM Plex Sans||||||||&#8221; body_link_text_color=&#8221;gcid-81367860-ebe3-4b2c-9073-7bf97634525b&#8221; image_icon_custom_margin=&#8221;-2px||12px|0px|false|false&#8221; image_icon_custom_padding=&#8221;0px|0px|0px|0px|false|false&#8221; custom_margin=&#8221;0px||12px|0px|false|false&#8221; hover_enabled=&#8221;0&#8243; locked=&#8221;off&#8221; global_colors_info=&#8221;{%22gcid-81367860-ebe3-4b2c-9073-7bf97634525b%22:%91%22body_link_text_color%22%93}&#8221; sticky_enabled=&#8221;0&#8243; background_layout=&#8221;dark&#8221; border_radii_image=&#8221;off|0px|0px|0px|0px&#8221; custom_padding=&#8221;0px||1px||false|false&#8221;][\/et_pb_blurb][et_pb_blurb title=&#8221;Recibe alertas de todos los dispositivos por vencer&#8221; use_icon=&#8221;on&#8221; font_icon=&#8221;&#xf00c;||fa||900&#8243; icon_color=&#8221;#22c55e&#8221; image_icon_background_color=&#8221;RGBA(255,255,255,0)&#8221; image_icon_width=&#8221;24px&#8221; _builder_version=&#8221;4.24.3&#8243; _module_preset=&#8221;adf7b5ff-1adc-4161-bb28-d0f69e896f3b&#8221; header_font=&#8221;IBM Plex Sans|500|||||||&#8221; header_text_align=&#8221;left&#8221; header_line_height=&#8221;1.1em&#8221; body_font=&#8221;IBM Plex Sans||||||||&#8221; body_link_text_color=&#8221;gcid-81367860-ebe3-4b2c-9073-7bf97634525b&#8221; image_icon_custom_margin=&#8221;-2px||12px|0px|false|false&#8221; image_icon_custom_padding=&#8221;0px|0px|0px|0px|false|false&#8221; custom_margin=&#8221;0px||12px|0px|false|false&#8221; hover_enabled=&#8221;0&#8243; locked=&#8221;off&#8221; global_colors_info=&#8221;{%22gcid-81367860-ebe3-4b2c-9073-7bf97634525b%22:%91%22body_link_text_color%22%93}&#8221; sticky_enabled=&#8221;0&#8243; background_layout=&#8221;dark&#8221; border_radii_image=&#8221;off|0px|0px|0px|0px&#8221; custom_padding=&#8221;0px||1px||false|false&#8221;][\/et_pb_blurb][et_pb_blurb title=&#8221;Aseg\u00farate de cumplir con todas las normas&#8221; use_icon=&#8221;on&#8221; font_icon=&#8221;&#xf00c;||fa||900&#8243; icon_color=&#8221;#22c55e&#8221; image_icon_background_color=&#8221;RGBA(255,255,255,0)&#8221; image_icon_width=&#8221;24px&#8221; _builder_version=&#8221;4.24.3&#8243; _module_preset=&#8221;adf7b5ff-1adc-4161-bb28-d0f69e896f3b&#8221; header_font=&#8221;IBM Plex Sans|500|||||||&#8221; header_text_align=&#8221;left&#8221; header_line_height=&#8221;1.1em&#8221; body_font=&#8221;IBM Plex Sans||||||||&#8221; body_link_text_color=&#8221;gcid-81367860-ebe3-4b2c-9073-7bf97634525b&#8221; image_icon_custom_margin=&#8221;-2px||12px|0px|false|false&#8221; image_icon_custom_padding=&#8221;0px|0px|0px|0px|false|false&#8221; custom_margin=&#8221;0px||12px|0px|false|false&#8221; hover_enabled=&#8221;0&#8243; locked=&#8221;off&#8221; global_colors_info=&#8221;{%22gcid-81367860-ebe3-4b2c-9073-7bf97634525b%22:%91%22body_link_text_color%22%93}&#8221; sticky_enabled=&#8221;0&#8243; background_layout=&#8221;dark&#8221; border_radii_image=&#8221;off|0px|0px|0px|0px&#8221; custom_padding=&#8221;0px||1px||false|false&#8221;][\/et_pb_blurb][et_pb_blurb title=&#8221;Calibraciones, Estudios MSA y Mantenimientos&#8221; use_icon=&#8221;on&#8221; font_icon=&#8221;&#xf00c;||fa||900&#8243; icon_color=&#8221;#22c55e&#8221; image_icon_background_color=&#8221;RGBA(255,255,255,0)&#8221; image_icon_width=&#8221;24px&#8221; _builder_version=&#8221;4.24.3&#8243; _module_preset=&#8221;adf7b5ff-1adc-4161-bb28-d0f69e896f3b&#8221; header_font=&#8221;IBM Plex Sans|500|||||||&#8221; header_text_align=&#8221;left&#8221; header_line_height=&#8221;1.1em&#8221; body_font=&#8221;IBM Plex Sans||||||||&#8221; body_link_text_color=&#8221;gcid-81367860-ebe3-4b2c-9073-7bf97634525b&#8221; image_icon_custom_margin=&#8221;-2px||12px|0px|false|false&#8221; image_icon_custom_padding=&#8221;0px|0px|0px|0px|false|false&#8221; custom_margin=&#8221;0px||12px|0px|false|false&#8221; hover_enabled=&#8221;0&#8243; locked=&#8221;off&#8221; global_colors_info=&#8221;{%22gcid-81367860-ebe3-4b2c-9073-7bf97634525b%22:%91%22body_link_text_color%22%93}&#8221; sticky_enabled=&#8221;0&#8243; background_layout=&#8221;dark&#8221; border_radii_image=&#8221;off|0px|0px|0px|0px&#8221; custom_padding=&#8221;0px||1px||false|false&#8221;][\/et_pb_blurb][\/et_pb_column][et_pb_column type=&#8221;1_2&#8243; _builder_version=&#8221;4.22.0&#8243; _module_preset=&#8221;default&#8221; global_colors_info=&#8221;{}&#8221;][et_pb_code _builder_version=&#8221;4.21.0&#8243; _module_preset=&#8221;default&#8221; background_color=&#8221;#FFFFFF&#8221; custom_margin=&#8221;20px||||false|false&#8221; custom_padding=&#8221;20px|20px|20px|20px|false|false&#8221; global_colors_info=&#8221;{}&#8221;]<script charset=\"utf-8\" type=\"text\/javascript\" src=\"\/\/js.hsforms.net\/forms\/embed\/v2.js\"><\/script><!-- [et_pb_line_break_holder] --><script><!-- [et_pb_line_break_holder] -->  hbspt.forms.create({<!-- [et_pb_line_break_holder] -->    region: \"na1\",<!-- [et_pb_line_break_holder] -->    portalId: \"7290706\",<!-- [et_pb_line_break_holder] -->    formId: \"9856dd10-705d-4275-b050-ad40abb9ad1b\"<!-- [et_pb_line_break_holder] -->  });<!-- [et_pb_line_break_holder] --><\/script>[\/et_pb_code][\/et_pb_column][\/et_pb_row][\/et_pb_section][et_pb_section fb_built=&#8221;1&#8243; admin_label=&#8221;Header &#038; Contact Info&#8221; _builder_version=&#8221;4.24.3&#8243; _module_preset=&#8221;default&#8221; background_color=&#8221;#f6f2f9&#8243; background_enable_image=&#8221;off&#8221; custom_padding=&#8221;0px||0px||false|false&#8221; hover_enabled=&#8221;0&#8243; collapsed=&#8221;on&#8221; global_colors_info=&#8221;{}&#8221; sticky_enabled=&#8221;0&#8243; locked=&#8221;off&#8221;][et_pb_row _builder_version=&#8221;4.24.3&#8243; _module_preset=&#8221;default&#8221; custom_margin=&#8221;-40px||||false|false&#8221; hover_enabled=&#8221;0&#8243; global_colors_info=&#8221;{}&#8221; module_alignment=&#8221;center&#8221; sticky_enabled=&#8221;0&#8243;][et_pb_column type=&#8221;4_4&#8243; _builder_version=&#8221;4.22.0&#8243; _module_preset=&#8221;default&#8221; global_colors_info=&#8221;{}&#8221;][et_pb_text _builder_version=&#8221;4.24.3&#8243; _module_preset=&#8221;7e25d228-eff2-47bc-8039-fe6dbe9fffae&#8221; text_font=&#8221;IBM Plex Sans|700|||||||&#8221; text_text_color=&#8221;#112235&#8243; text_font_size=&#8221;42px&#8221; text_line_height=&#8221;1.1em&#8221; header_font=&#8221;Poppins|600|||||||&#8221; header_font_size=&#8221;50px&#8221; custom_margin=&#8221;||19px|||&#8221; hover_enabled=&#8221;0&#8243; global_colors_info=&#8221;{}&#8221; sticky_enabled=&#8221;0&#8243; min_height=&#8221;71.2px&#8221;]<\/p>\n<p style=\"text-align: center;\">Sistema <span style=\"font-style: italic; font-weight: bold; color: #3f2f86;\">f\u00e1cil de usar<\/span><\/p>\n<p>[\/et_pb_text][et_pb_video src=&#8221;https:\/\/www.youtube.com\/watch?v=29d7nIvX12c&#8221; _builder_version=&#8221;4.24.3&#8243; _module_preset=&#8221;default&#8221; custom_margin=&#8221;0px||0px||false|false&#8221; hover_enabled=&#8221;0&#8243; sticky_enabled=&#8221;0&#8243;][\/et_pb_video][\/et_pb_column][\/et_pb_row][\/et_pb_section][et_pb_section fb_built=&#8221;1&#8243; admin_label=&#8221;Header &#038; Contact Info&#8221; _builder_version=&#8221;4.24.3&#8243; _module_preset=&#8221;default&#8221; background_color=&#8221;#f6f2f9&#8243; background_enable_image=&#8221;off&#8221; custom_padding=&#8221;50px||||false|false&#8221; hover_enabled=&#8221;0&#8243; collapsed=&#8221;on&#8221; global_colors_info=&#8221;{}&#8221; sticky_enabled=&#8221;0&#8243; locked=&#8221;off&#8221;][et_pb_row _builder_version=&#8221;4.24.3&#8243; _module_preset=&#8221;default&#8221; custom_margin=&#8221;-40px||||false|false&#8221; hover_enabled=&#8221;0&#8243; global_colors_info=&#8221;{}&#8221; module_alignment=&#8221;center&#8221; sticky_enabled=&#8221;0&#8243; custom_padding=&#8221;4px||0px|||&#8221; min_height=&#8221;146.4px&#8221;][et_pb_column type=&#8221;4_4&#8243; _builder_version=&#8221;4.22.0&#8243; _module_preset=&#8221;default&#8221; global_colors_info=&#8221;{}&#8221;][et_pb_text _builder_version=&#8221;4.24.3&#8243; _module_preset=&#8221;7e25d228-eff2-47bc-8039-fe6dbe9fffae&#8221; text_font=&#8221;IBM Plex Sans|700|||||||&#8221; text_text_color=&#8221;#112235&#8243; text_font_size=&#8221;42px&#8221; text_line_height=&#8221;1.1em&#8221; header_font=&#8221;Poppins|600|||||||&#8221; header_font_size=&#8221;50px&#8221; custom_margin=&#8221;||38px|||&#8221; hover_enabled=&#8221;0&#8243; global_colors_info=&#8221;{}&#8221; sticky_enabled=&#8221;0&#8243; min_height=&#8221;71.2px&#8221;]<\/p>\n<p style=\"text-align: center;\">Nuestros <span style=\"font-style: italic; font-weight: bold; color: #3f2f86;\">clientes<\/span><\/p>\n<p>[\/et_pb_text][\/et_pb_column][\/et_pb_row][et_pb_row _builder_version=&#8221;4.24.3&#8243; _module_preset=&#8221;default&#8221; column_structure=&#8221;1_4,1_4,1_4,1_4&#8243; width=&#8221;50%&#8221; max_width=&#8221;880px&#8221; hover_enabled=&#8221;0&#8243; sticky_enabled=&#8221;0&#8243; module_alignment=&#8221;center&#8221; custom_padding=&#8221;1px||33px|||&#8221;][et_pb_column _builder_version=&#8221;4.24.3&#8243; _module_preset=&#8221;default&#8221; type=&#8221;1_4&#8243; hover_enabled=&#8221;0&#8243; sticky_enabled=&#8221;0&#8243;][et_pb_image src=&#8221;https:\/\/msagagepro.com\/wp-content\/uploads\/2025\/06\/wolong.png&#8221; _builder_version=&#8221;4.24.3&#8243; _module_preset=&#8221;default&#8221; title_text=&#8221;wolong&#8221; hover_enabled=&#8221;0&#8243; sticky_enabled=&#8221;0&#8243;][\/et_pb_image][et_pb_image src=&#8221;https:\/\/msagagepro.com\/wp-content\/uploads\/2025\/06\/DENSO.png&#8221; _builder_version=&#8221;4.24.3&#8243; _module_preset=&#8221;default&#8221; title_text=&#8221;DENSO&#8221; hover_enabled=&#8221;0&#8243; sticky_enabled=&#8221;0&#8243;][\/et_pb_image][\/et_pb_column][et_pb_column _builder_version=&#8221;4.24.3&#8243; _module_preset=&#8221;default&#8221; type=&#8221;1_4&#8243;][et_pb_image src=&#8221;https:\/\/msagagepro.com\/wp-content\/uploads\/2025\/06\/smiths-interconnect.png&#8221; _builder_version=&#8221;4.24.3&#8243; _module_preset=&#8221;default&#8221; title_text=&#8221;smiths interconnect&#8221; hover_enabled=&#8221;0&#8243; sticky_enabled=&#8221;0&#8243;][\/et_pb_image][et_pb_image src=&#8221;https:\/\/msagagepro.com\/wp-content\/uploads\/2025\/06\/cuprum.png&#8221; _builder_version=&#8221;4.24.3&#8243; _module_preset=&#8221;default&#8221; title_text=&#8221;cuprum&#8221; hover_enabled=&#8221;0&#8243; sticky_enabled=&#8221;0&#8243;][\/et_pb_image][\/et_pb_column][et_pb_column _builder_version=&#8221;4.24.3&#8243; _module_preset=&#8221;default&#8221; type=&#8221;1_4&#8243;][et_pb_image src=&#8221;https:\/\/msagagepro.com\/wp-content\/uploads\/2025\/06\/PIAMSA.png&#8221; _builder_version=&#8221;4.24.3&#8243; _module_preset=&#8221;default&#8221; title_text=&#8221;PIAMSA&#8221; hover_enabled=&#8221;0&#8243; sticky_enabled=&#8221;0&#8243;][\/et_pb_image][et_pb_image src=&#8221;https:\/\/msagagepro.com\/wp-content\/uploads\/2025\/06\/CITIC.png&#8221; _builder_version=&#8221;4.24.3&#8243; _module_preset=&#8221;default&#8221; title_text=&#8221;CITIC&#8221; hover_enabled=&#8221;0&#8243; sticky_enabled=&#8221;0&#8243;][\/et_pb_image][\/et_pb_column][et_pb_column _builder_version=&#8221;4.24.3&#8243; _module_preset=&#8221;default&#8221; type=&#8221;1_4&#8243;][et_pb_image src=&#8221;https:\/\/msagagepro.com\/wp-content\/uploads\/2025\/06\/milwaukee.png&#8221; _builder_version=&#8221;4.24.3&#8243; _module_preset=&#8221;default&#8221; title_text=&#8221;milwaukee&#8221; hover_enabled=&#8221;0&#8243; sticky_enabled=&#8221;0&#8243;][\/et_pb_image][et_pb_image src=&#8221;https:\/\/msagagepro.com\/wp-content\/uploads\/2025\/06\/Gates.png&#8221; _builder_version=&#8221;4.24.3&#8243; _module_preset=&#8221;default&#8221; title_text=&#8221;Gates&#8221; hover_enabled=&#8221;0&#8243; sticky_enabled=&#8221;0&#8243;][\/et_pb_image][\/et_pb_column][\/et_pb_row][\/et_pb_section]<\/p>\n","protected":false},"excerpt":{"rendered":"<p>Obt\u00e9n una demostraci\u00f3n gratuita de MSA Gage ProLib\u00e9rate del trabajo manual y accede a la informaci\u00f3n de todos tus gages desde cualquier dispositivo, ya sea en tu computadora, tablet o celular.Sistema f\u00e1cil de usarNuestros clientes<\/p>\n","protected":false},"author":5,"featured_media":0,"parent":0,"menu_order":0,"comment_status":"closed","ping_status":"closed","template":"","meta":{"_et_pb_use_builder":"on","_et_pb_old_content":"","_et_gb_content_width":"","content-type":"","footnotes":""},"class_list":["post-1034","page","type-page","status-publish","hentry"],"yoast_head":"<!-- This site is optimized with the Yoast SEO plugin v22.4 - https:\/\/yoast.com\/wordpress\/plugins\/seo\/ -->\n<title>Solicitar Demostraci\u00f3n - MSA GAGE PRO<\/title>\n<meta name=\"robots\" content=\"index, follow, max-snippet:-1, max-image-preview:large, max-video-preview:-1\" \/>\n<link rel=\"canonical\" href=\"https:\/\/msagagepro.com\/get-a-demo\/\" \/>\n<meta property=\"og:locale\" content=\"es_ES\" \/>\n<meta property=\"og:type\" content=\"article\" \/>\n<meta property=\"og:title\" content=\"Solicitar Demostraci\u00f3n - MSA GAGE PRO\" \/>\n<meta property=\"og:description\" content=\"Obt\u00e9n una demostraci\u00f3n gratuita de MSA Gage ProLib\u00e9rate del trabajo manual y accede a la informaci\u00f3n de todos tus gages desde cualquier dispositivo, ya sea en tu computadora, tablet o celular.Sistema f\u00e1cil de usarNuestros clientes\" \/>\n<meta property=\"og:url\" content=\"https:\/\/msagagepro.com\/get-a-demo\/\" \/>\n<meta property=\"og:site_name\" content=\"MSA GAGE PRO\" \/>\n<meta property=\"article:modified_time\" content=\"2025-06-23T18:31:55+00:00\" \/>\n<meta property=\"og:image\" content=\"https:\/\/msagagepro.com\/wp-content\/uploads\/2025\/05\/Logo-White-300x72.png\" \/>\n<meta name=\"twitter:card\" content=\"summary_large_image\" \/>\n<meta name=\"twitter:label1\" content=\"Tiempo de lectura\" \/>\n\t<meta name=\"twitter:data1\" content=\"1 minuto\" \/>\n<script type=\"application\/ld+json\" class=\"yoast-schema-graph\">{\"@context\":\"https:\/\/schema.org\",\"@graph\":[{\"@type\":\"WebPage\",\"@id\":\"https:\/\/msagagepro.com\/get-a-demo\/\",\"url\":\"https:\/\/msagagepro.com\/get-a-demo\/\",\"name\":\"Solicitar Demostraci\u00f3n - MSA GAGE PRO\",\"isPartOf\":{\"@id\":\"https:\/\/msagagepro.com\/#website\"},\"primaryImageOfPage\":{\"@id\":\"https:\/\/msagagepro.com\/get-a-demo\/#primaryimage\"},\"image\":{\"@id\":\"https:\/\/msagagepro.com\/get-a-demo\/#primaryimage\"},\"thumbnailUrl\":\"https:\/\/msagagepro.com\/wp-content\/uploads\/2025\/05\/Logo-White-300x72.png\",\"datePublished\":\"2023-11-18T03:43:00+00:00\",\"dateModified\":\"2025-06-23T18:31:55+00:00\",\"breadcrumb\":{\"@id\":\"https:\/\/msagagepro.com\/get-a-demo\/#breadcrumb\"},\"inLanguage\":\"es\",\"potentialAction\":[{\"@type\":\"ReadAction\",\"target\":[\"https:\/\/msagagepro.com\/get-a-demo\/\"]}]},{\"@type\":\"ImageObject\",\"inLanguage\":\"es\",\"@id\":\"https:\/\/msagagepro.com\/get-a-demo\/#primaryimage\",\"url\":\"https:\/\/msagagepro.com\/wp-content\/uploads\/2025\/05\/Logo-White-300x72.png\",\"contentUrl\":\"https:\/\/msagagepro.com\/wp-content\/uploads\/2025\/05\/Logo-White-300x72.png\"},{\"@type\":\"BreadcrumbList\",\"@id\":\"https:\/\/msagagepro.com\/get-a-demo\/#breadcrumb\",\"itemListElement\":[{\"@type\":\"ListItem\",\"position\":1,\"name\":\"Inicio\",\"item\":\"https:\/\/msagagepro.com\/es\/\"},{\"@type\":\"ListItem\",\"position\":2,\"name\":\"Solicitar Demostraci\u00f3n\"}]},{\"@type\":\"WebSite\",\"@id\":\"https:\/\/msagagepro.com\/#website\",\"url\":\"https:\/\/msagagepro.com\/\",\"name\":\"MSA GAGE PRO\",\"description\":\"MSA GAGE PRO\",\"publisher\":{\"@id\":\"https:\/\/msagagepro.com\/#organization\"},\"potentialAction\":[{\"@type\":\"SearchAction\",\"target\":{\"@type\":\"EntryPoint\",\"urlTemplate\":\"https:\/\/msagagepro.com\/?s={search_term_string}\"},\"query-input\":\"required name=search_term_string\"}],\"inLanguage\":\"es\"},{\"@type\":\"Organization\",\"@id\":\"https:\/\/msagagepro.com\/#organization\",\"name\":\"MSA GAGE PRO\",\"url\":\"https:\/\/msagagepro.com\/\",\"logo\":{\"@type\":\"ImageObject\",\"inLanguage\":\"es\",\"@id\":\"https:\/\/msagagepro.com\/#\/schema\/logo\/image\/\",\"url\":\"https:\/\/msagagepro.com\/wp-content\/uploads\/2023\/06\/MSA-GAGE-PRO.jpeg\",\"contentUrl\":\"https:\/\/msagagepro.com\/wp-content\/uploads\/2023\/06\/MSA-GAGE-PRO.jpeg\",\"width\":500,\"height\":200,\"caption\":\"MSA GAGE PRO\"},\"image\":{\"@id\":\"https:\/\/msagagepro.com\/#\/schema\/logo\/image\/\"}}]}<\/script>\n<!-- \/ Yoast SEO plugin. -->","yoast_head_json":{"title":"Solicitar Demostraci\u00f3n - MSA GAGE PRO","robots":{"index":"index","follow":"follow","max-snippet":"max-snippet:-1","max-image-preview":"max-image-preview:large","max-video-preview":"max-video-preview:-1"},"canonical":"https:\/\/msagagepro.com\/get-a-demo\/","og_locale":"es_ES","og_type":"article","og_title":"Solicitar Demostraci\u00f3n - MSA GAGE PRO","og_description":"Obt\u00e9n una demostraci\u00f3n gratuita de MSA Gage ProLib\u00e9rate del trabajo manual y accede a la informaci\u00f3n de todos tus gages desde cualquier dispositivo, ya sea en tu computadora, tablet o celular.Sistema f\u00e1cil de usarNuestros clientes","og_url":"https:\/\/msagagepro.com\/get-a-demo\/","og_site_name":"MSA GAGE PRO","article_modified_time":"2025-06-23T18:31:55+00:00","og_image":[{"url":"https:\/\/msagagepro.com\/wp-content\/uploads\/2025\/05\/Logo-White-300x72.png"}],"twitter_card":"summary_large_image","twitter_misc":{"Tiempo de lectura":"1 minuto"},"schema":{"@context":"https:\/\/schema.org","@graph":[{"@type":"WebPage","@id":"https:\/\/msagagepro.com\/get-a-demo\/","url":"https:\/\/msagagepro.com\/get-a-demo\/","name":"Solicitar Demostraci\u00f3n - MSA GAGE PRO","isPartOf":{"@id":"https:\/\/msagagepro.com\/#website"},"primaryImageOfPage":{"@id":"https:\/\/msagagepro.com\/get-a-demo\/#primaryimage"},"image":{"@id":"https:\/\/msagagepro.com\/get-a-demo\/#primaryimage"},"thumbnailUrl":"https:\/\/msagagepro.com\/wp-content\/uploads\/2025\/05\/Logo-White-300x72.png","datePublished":"2023-11-18T03:43:00+00:00","dateModified":"2025-06-23T18:31:55+00:00","breadcrumb":{"@id":"https:\/\/msagagepro.com\/get-a-demo\/#breadcrumb"},"inLanguage":"es","potentialAction":[{"@type":"ReadAction","target":["https:\/\/msagagepro.com\/get-a-demo\/"]}]},{"@type":"ImageObject","inLanguage":"es","@id":"https:\/\/msagagepro.com\/get-a-demo\/#primaryimage","url":"https:\/\/msagagepro.com\/wp-content\/uploads\/2025\/05\/Logo-White-300x72.png","contentUrl":"https:\/\/msagagepro.com\/wp-content\/uploads\/2025\/05\/Logo-White-300x72.png"},{"@type":"BreadcrumbList","@id":"https:\/\/msagagepro.com\/get-a-demo\/#breadcrumb","itemListElement":[{"@type":"ListItem","position":1,"name":"Inicio","item":"https:\/\/msagagepro.com\/es\/"},{"@type":"ListItem","position":2,"name":"Solicitar Demostraci\u00f3n"}]},{"@type":"WebSite","@id":"https:\/\/msagagepro.com\/#website","url":"https:\/\/msagagepro.com\/","name":"MSA GAGE PRO","description":"MSA GAGE PRO","publisher":{"@id":"https:\/\/msagagepro.com\/#organization"},"potentialAction":[{"@type":"SearchAction","target":{"@type":"EntryPoint","urlTemplate":"https:\/\/msagagepro.com\/?s={search_term_string}"},"query-input":"required name=search_term_string"}],"inLanguage":"es"},{"@type":"Organization","@id":"https:\/\/msagagepro.com\/#organization","name":"MSA GAGE PRO","url":"https:\/\/msagagepro.com\/","logo":{"@type":"ImageObject","inLanguage":"es","@id":"https:\/\/msagagepro.com\/#\/schema\/logo\/image\/","url":"https:\/\/msagagepro.com\/wp-content\/uploads\/2023\/06\/MSA-GAGE-PRO.jpeg","contentUrl":"https:\/\/msagagepro.com\/wp-content\/uploads\/2023\/06\/MSA-GAGE-PRO.jpeg","width":500,"height":200,"caption":"MSA GAGE PRO"},"image":{"@id":"https:\/\/msagagepro.com\/#\/schema\/logo\/image\/"}}]}},"_links":{"self":[{"href":"https:\/\/msagagepro.com\/es\/wp-json\/wp\/v2\/pages\/1034","targetHints":{"allow":["GET"]}}],"collection":[{"href":"https:\/\/msagagepro.com\/es\/wp-json\/wp\/v2\/pages"}],"about":[{"href":"https:\/\/msagagepro.com\/es\/wp-json\/wp\/v2\/types\/page"}],"author":[{"embeddable":true,"href":"https:\/\/msagagepro.com\/es\/wp-json\/wp\/v2\/users\/5"}],"replies":[{"embeddable":true,"href":"https:\/\/msagagepro.com\/es\/wp-json\/wp\/v2\/comments?post=1034"}],"version-history":[{"count":9,"href":"https:\/\/msagagepro.com\/es\/wp-json\/wp\/v2\/pages\/1034\/revisions"}],"predecessor-version":[{"id":2740,"href":"https:\/\/msagagepro.com\/es\/wp-json\/wp\/v2\/pages\/1034\/revisions\/2740"}],"wp:attachment":[{"href":"https:\/\/msagagepro.com\/es\/wp-json\/wp\/v2\/media?parent=1034"}],"curies":[{"name":"wp","href":"https:\/\/api.w.org\/{rel}","templated":true}]}}