{"id":1624,"date":"2023-12-28T22:41:03","date_gmt":"2023-12-28T22:41:03","guid":{"rendered":"https:\/\/msagagepro.com\/blog-and-news\/"},"modified":"2024-12-11T00:34:32","modified_gmt":"2024-12-11T00:34:32","slug":"blog","status":"publish","type":"page","link":"https:\/\/msagagepro.com\/es\/blog\/","title":{"rendered":"Blog y Noticias"},"content":{"rendered":"<p>[et_pb_section fb_built=&#8221;1&#8243; admin_label=&#8221;Blog&#8221; _builder_version=&#8221;4.18.0&#8243; _module_preset=&#8221;default&#8221; custom_padding=&#8221;0px||||false|false&#8221; collapsed=&#8221;on&#8221; global_colors_info=&#8221;{}&#8221; theme_builder_area=&#8221;post_content&#8221;][et_pb_row _builder_version=&#8221;4.18.0&#8243; _module_preset=&#8221;default&#8221; global_colors_info=&#8221;{}&#8221; theme_builder_area=&#8221;post_content&#8221;][et_pb_column type=&#8221;4_4&#8243; _builder_version=&#8221;4.18.0&#8243; _module_preset=&#8221;default&#8221; global_colors_info=&#8221;{}&#8221; theme_builder_area=&#8221;post_content&#8221;][et_pb_text _builder_version=&#8221;4.24.3&#8243; _module_preset=&#8221;c16985e1-e0d6-4022-964d-e2bfc04fa633&#8243; header_font=&#8221;Poppins|600|||||||&#8221; header_text_color=&#8221;#000000&#8243; header_font_size=&#8221;53px&#8221; header_line_height=&#8221;1.2em&#8221; custom_margin=&#8221;15px||||false|false&#8221; header_font_size_tablet=&#8221;40px&#8221; header_font_size_phone=&#8221;24px&#8221; header_font_size_last_edited=&#8221;on|desktop&#8221; global_colors_info=&#8221;{}&#8221; theme_builder_area=&#8221;post_content&#8221;]<\/p>\n<h1>Blog de Calibraciones y Estudios MSA<\/h1>\n<p>[\/et_pb_text][\/et_pb_column][\/et_pb_row][et_pb_row _builder_version=&#8221;4.18.0&#8243; _module_preset=&#8221;default&#8221; custom_padding=&#8221;0px||||false|false&#8221; global_colors_info=&#8221;{}&#8221; theme_builder_area=&#8221;post_content&#8221;][et_pb_column type=&#8221;4_4&#8243; _builder_version=&#8221;4.18.0&#8243; _module_preset=&#8221;default&#8221; global_colors_info=&#8221;{}&#8221; theme_builder_area=&#8221;post_content&#8221;][et_pb_blog fullwidth=&#8221;off&#8221; posts_number=&#8221;3&#8243; include_categories=&#8221;48,38,64&#8243; use_manual_excerpt=&#8221;off&#8221; excerpt_length=&#8221;100&#8243; show_author=&#8221;off&#8221; show_date=&#8221;off&#8221; show_categories=&#8221;off&#8221; _builder_version=&#8221;4.24.3&#8243; _module_preset=&#8221;1dabccf4-86c8-432f-804d-c6f13b50e5ce&#8221; header_font=&#8221;Poppins|600|||||||&#8221; header_font_size=&#8221;20px&#8221; body_font=&#8221;Work Sans||||||||&#8221; body_text_color=&#8221;gcid-869f4c9d-6bb0-4a5e-ae84-784939b37d36&#8243; body_line_height=&#8221;1.6em&#8221; meta_font=&#8221;Work Sans|500|||||||&#8221; meta_text_color=&#8221;#6b7473&#8243; meta_font_size=&#8221;16px&#8221; read_more_font=&#8221;Work Sans|700||on|||||&#8221; read_more_text_color=&#8221;#000000&#8243; read_more_letter_spacing=&#8221;1px&#8221; pagination_font=&#8221;Work Sans|700||on|||||&#8221; pagination_text_color=&#8221;#000000&#8243; pagination_letter_spacing=&#8221;1px&#8221; header_font_size_tablet=&#8221;16px&#8221; header_font_size_phone=&#8221;15px&#8221; header_font_size_last_edited=&#8221;on|desktop&#8221; meta_font_size_tablet=&#8221;15px&#8221; meta_font_size_phone=&#8221;14px&#8221; meta_font_size_last_edited=&#8221;on|desktop&#8221; border_width_all=&#8221;0px&#8221; locked=&#8221;off&#8221; global_colors_info=&#8221;{%22gcid-869f4c9d-6bb0-4a5e-ae84-784939b37d36%22:%91%22body_text_color%22%93}&#8221; theme_builder_area=&#8221;post_content&#8221;][\/et_pb_blog][\/et_pb_column][\/et_pb_row][\/et_pb_section]<\/p>\n","protected":false},"excerpt":{"rendered":"<p>Blog de Calibraciones y Estudios MSA<\/p>\n","protected":false},"author":1,"featured_media":1623,"parent":0,"menu_order":0,"comment_status":"closed","ping_status":"closed","template":"","meta":{"_et_pb_use_builder":"on","_et_pb_old_content":"","_et_gb_content_width":"","content-type":"","footnotes":""},"class_list":["post-1624","page","type-page","status-publish","has-post-thumbnail","hentry"],"yoast_head":"<!-- This site is optimized with the Yoast SEO plugin v22.4 - https:\/\/yoast.com\/wordpress\/plugins\/seo\/ -->\n<title>Blog y Noticias - MSA GAGE PRO<\/title>\n<meta name=\"description\" content=\"Inf\u00f3rmate de las \u00faltimas novedades y tendencias en el an\u00e1lisis de sistemas de medida, as\u00ed como de sus diversas herramientas estad\u00edsticas y pr\u00e1cticas.\" \/>\n<meta name=\"robots\" content=\"index, follow, max-snippet:-1, max-image-preview:large, max-video-preview:-1\" \/>\n<link rel=\"canonical\" href=\"https:\/\/msagagepro.com\/es\/blog\/\" \/>\n<meta property=\"og:locale\" content=\"es_ES\" \/>\n<meta property=\"og:type\" content=\"article\" \/>\n<meta property=\"og:title\" content=\"Blog y Noticias - MSA GAGE PRO\" \/>\n<meta property=\"og:description\" content=\"Inf\u00f3rmate de las \u00faltimas novedades y tendencias en el an\u00e1lisis de sistemas de medida, as\u00ed como de sus diversas herramientas estad\u00edsticas y pr\u00e1cticas.\" \/>\n<meta property=\"og:url\" content=\"https:\/\/msagagepro.com\/es\/blog\/\" \/>\n<meta property=\"og:site_name\" content=\"MSA GAGE PRO\" \/>\n<meta property=\"article:modified_time\" content=\"2024-12-11T00:34:32+00:00\" \/>\n<meta property=\"og:image\" content=\"https:\/\/msagagepro.com\/wp-content\/uploads\/2024\/01\/smartmockups_lr5fkgmv.jpg\" \/>\n\t<meta property=\"og:image:width\" content=\"1280\" \/>\n\t<meta property=\"og:image:height\" content=\"853\" \/>\n\t<meta property=\"og:image:type\" content=\"image\/jpeg\" \/>\n<meta name=\"twitter:card\" content=\"summary_large_image\" \/>\n<meta name=\"twitter:label1\" content=\"Tiempo de lectura\" \/>\n\t<meta name=\"twitter:data1\" content=\"1 minuto\" \/>\n<script type=\"application\/ld+json\" class=\"yoast-schema-graph\">{\"@context\":\"https:\/\/schema.org\",\"@graph\":[{\"@type\":\"WebPage\",\"@id\":\"https:\/\/msagagepro.com\/es\/blog\/\",\"url\":\"https:\/\/msagagepro.com\/es\/blog\/\",\"name\":\"Blog y Noticias - MSA GAGE PRO\",\"isPartOf\":{\"@id\":\"https:\/\/msagagepro.com\/#website\"},\"primaryImageOfPage\":{\"@id\":\"https:\/\/msagagepro.com\/es\/blog\/#primaryimage\"},\"image\":{\"@id\":\"https:\/\/msagagepro.com\/es\/blog\/#primaryimage\"},\"thumbnailUrl\":\"https:\/\/msagagepro.com\/wp-content\/uploads\/2024\/01\/smartmockups_lr5fkgmv.jpg\",\"datePublished\":\"2023-12-28T22:41:03+00:00\",\"dateModified\":\"2024-12-11T00:34:32+00:00\",\"description\":\"Inf\u00f3rmate de las \u00faltimas novedades y tendencias en el an\u00e1lisis de sistemas de medida, as\u00ed como de sus diversas herramientas estad\u00edsticas y pr\u00e1cticas.\",\"breadcrumb\":{\"@id\":\"https:\/\/msagagepro.com\/es\/blog\/#breadcrumb\"},\"inLanguage\":\"es\",\"potentialAction\":[{\"@type\":\"ReadAction\",\"target\":[\"https:\/\/msagagepro.com\/es\/blog\/\"]}]},{\"@type\":\"ImageObject\",\"inLanguage\":\"es\",\"@id\":\"https:\/\/msagagepro.com\/es\/blog\/#primaryimage\",\"url\":\"https:\/\/msagagepro.com\/wp-content\/uploads\/2024\/01\/smartmockups_lr5fkgmv.jpg\",\"contentUrl\":\"https:\/\/msagagepro.com\/wp-content\/uploads\/2024\/01\/smartmockups_lr5fkgmv.jpg\",\"width\":1280,\"height\":853},{\"@type\":\"BreadcrumbList\",\"@id\":\"https:\/\/msagagepro.com\/es\/blog\/#breadcrumb\",\"itemListElement\":[{\"@type\":\"ListItem\",\"position\":1,\"name\":\"Inicio\",\"item\":\"https:\/\/msagagepro.com\/es\/\"},{\"@type\":\"ListItem\",\"position\":2,\"name\":\"Blog y Noticias\"}]},{\"@type\":\"WebSite\",\"@id\":\"https:\/\/msagagepro.com\/#website\",\"url\":\"https:\/\/msagagepro.com\/\",\"name\":\"MSA GAGE PRO\",\"description\":\"MSA GAGE PRO\",\"publisher\":{\"@id\":\"https:\/\/msagagepro.com\/#organization\"},\"potentialAction\":[{\"@type\":\"SearchAction\",\"target\":{\"@type\":\"EntryPoint\",\"urlTemplate\":\"https:\/\/msagagepro.com\/?s={search_term_string}\"},\"query-input\":\"required name=search_term_string\"}],\"inLanguage\":\"es\"},{\"@type\":\"Organization\",\"@id\":\"https:\/\/msagagepro.com\/#organization\",\"name\":\"MSA GAGE PRO\",\"url\":\"https:\/\/msagagepro.com\/\",\"logo\":{\"@type\":\"ImageObject\",\"inLanguage\":\"es\",\"@id\":\"https:\/\/msagagepro.com\/#\/schema\/logo\/image\/\",\"url\":\"https:\/\/msagagepro.com\/wp-content\/uploads\/2023\/06\/MSA-GAGE-PRO.jpeg\",\"contentUrl\":\"https:\/\/msagagepro.com\/wp-content\/uploads\/2023\/06\/MSA-GAGE-PRO.jpeg\",\"width\":500,\"height\":200,\"caption\":\"MSA GAGE PRO\"},\"image\":{\"@id\":\"https:\/\/msagagepro.com\/#\/schema\/logo\/image\/\"}}]}<\/script>\n<!-- \/ Yoast SEO plugin. -->","yoast_head_json":{"title":"Blog y Noticias - MSA GAGE PRO","description":"Inf\u00f3rmate de las \u00faltimas novedades y tendencias en el an\u00e1lisis de sistemas de medida, as\u00ed como de sus diversas herramientas estad\u00edsticas y pr\u00e1cticas.","robots":{"index":"index","follow":"follow","max-snippet":"max-snippet:-1","max-image-preview":"max-image-preview:large","max-video-preview":"max-video-preview:-1"},"canonical":"https:\/\/msagagepro.com\/es\/blog\/","og_locale":"es_ES","og_type":"article","og_title":"Blog y Noticias - MSA GAGE PRO","og_description":"Inf\u00f3rmate de las \u00faltimas novedades y tendencias en el an\u00e1lisis de sistemas de medida, as\u00ed como de sus diversas herramientas estad\u00edsticas y pr\u00e1cticas.","og_url":"https:\/\/msagagepro.com\/es\/blog\/","og_site_name":"MSA GAGE PRO","article_modified_time":"2024-12-11T00:34:32+00:00","og_image":[{"width":1280,"height":853,"url":"https:\/\/msagagepro.com\/wp-content\/uploads\/2024\/01\/smartmockups_lr5fkgmv.jpg","type":"image\/jpeg"}],"twitter_card":"summary_large_image","twitter_misc":{"Tiempo de lectura":"1 minuto"},"schema":{"@context":"https:\/\/schema.org","@graph":[{"@type":"WebPage","@id":"https:\/\/msagagepro.com\/es\/blog\/","url":"https:\/\/msagagepro.com\/es\/blog\/","name":"Blog y Noticias - MSA GAGE PRO","isPartOf":{"@id":"https:\/\/msagagepro.com\/#website"},"primaryImageOfPage":{"@id":"https:\/\/msagagepro.com\/es\/blog\/#primaryimage"},"image":{"@id":"https:\/\/msagagepro.com\/es\/blog\/#primaryimage"},"thumbnailUrl":"https:\/\/msagagepro.com\/wp-content\/uploads\/2024\/01\/smartmockups_lr5fkgmv.jpg","datePublished":"2023-12-28T22:41:03+00:00","dateModified":"2024-12-11T00:34:32+00:00","description":"Inf\u00f3rmate de las \u00faltimas novedades y tendencias en el an\u00e1lisis de sistemas de medida, as\u00ed como de sus diversas herramientas estad\u00edsticas y pr\u00e1cticas.","breadcrumb":{"@id":"https:\/\/msagagepro.com\/es\/blog\/#breadcrumb"},"inLanguage":"es","potentialAction":[{"@type":"ReadAction","target":["https:\/\/msagagepro.com\/es\/blog\/"]}]},{"@type":"ImageObject","inLanguage":"es","@id":"https:\/\/msagagepro.com\/es\/blog\/#primaryimage","url":"https:\/\/msagagepro.com\/wp-content\/uploads\/2024\/01\/smartmockups_lr5fkgmv.jpg","contentUrl":"https:\/\/msagagepro.com\/wp-content\/uploads\/2024\/01\/smartmockups_lr5fkgmv.jpg","width":1280,"height":853},{"@type":"BreadcrumbList","@id":"https:\/\/msagagepro.com\/es\/blog\/#breadcrumb","itemListElement":[{"@type":"ListItem","position":1,"name":"Inicio","item":"https:\/\/msagagepro.com\/es\/"},{"@type":"ListItem","position":2,"name":"Blog y Noticias"}]},{"@type":"WebSite","@id":"https:\/\/msagagepro.com\/#website","url":"https:\/\/msagagepro.com\/","name":"MSA GAGE PRO","description":"MSA GAGE PRO","publisher":{"@id":"https:\/\/msagagepro.com\/#organization"},"potentialAction":[{"@type":"SearchAction","target":{"@type":"EntryPoint","urlTemplate":"https:\/\/msagagepro.com\/?s={search_term_string}"},"query-input":"required name=search_term_string"}],"inLanguage":"es"},{"@type":"Organization","@id":"https:\/\/msagagepro.com\/#organization","name":"MSA GAGE PRO","url":"https:\/\/msagagepro.com\/","logo":{"@type":"ImageObject","inLanguage":"es","@id":"https:\/\/msagagepro.com\/#\/schema\/logo\/image\/","url":"https:\/\/msagagepro.com\/wp-content\/uploads\/2023\/06\/MSA-GAGE-PRO.jpeg","contentUrl":"https:\/\/msagagepro.com\/wp-content\/uploads\/2023\/06\/MSA-GAGE-PRO.jpeg","width":500,"height":200,"caption":"MSA GAGE PRO"},"image":{"@id":"https:\/\/msagagepro.com\/#\/schema\/logo\/image\/"}}]}},"_links":{"self":[{"href":"https:\/\/msagagepro.com\/es\/wp-json\/wp\/v2\/pages\/1624","targetHints":{"allow":["GET"]}}],"collection":[{"href":"https:\/\/msagagepro.com\/es\/wp-json\/wp\/v2\/pages"}],"about":[{"href":"https:\/\/msagagepro.com\/es\/wp-json\/wp\/v2\/types\/page"}],"author":[{"embeddable":true,"href":"https:\/\/msagagepro.com\/es\/wp-json\/wp\/v2\/users\/1"}],"replies":[{"embeddable":true,"href":"https:\/\/msagagepro.com\/es\/wp-json\/wp\/v2\/comments?post=1624"}],"version-history":[{"count":10,"href":"https:\/\/msagagepro.com\/es\/wp-json\/wp\/v2\/pages\/1624\/revisions"}],"predecessor-version":[{"id":2126,"href":"https:\/\/msagagepro.com\/es\/wp-json\/wp\/v2\/pages\/1624\/revisions\/2126"}],"wp:featuredmedia":[{"embeddable":true,"href":"https:\/\/msagagepro.com\/es\/wp-json\/wp\/v2\/media\/1623"}],"wp:attachment":[{"href":"https:\/\/msagagepro.com\/es\/wp-json\/wp\/v2\/media?parent=1624"}],"curies":[{"name":"wp","href":"https:\/\/api.w.org\/{rel}","templated":true}]}}