{"id":2176,"date":"2024-07-27T15:56:53","date_gmt":"2024-07-27T15:56:53","guid":{"rendered":"https:\/\/msagagepro.com\/?page_id=2176"},"modified":"2024-08-02T16:03:48","modified_gmt":"2024-08-02T16:03:48","slug":"preguntas-frecuentes","status":"publish","type":"page","link":"https:\/\/msagagepro.com\/es\/preguntas-frecuentes\/","title":{"rendered":"Preguntas Frecuentes"},"content":{"rendered":"<p>[et_pb_section fb_built=&#8221;1&#8243; admin_label=&#8221;Services&#8221; _builder_version=&#8221;4.20.0&#8243; _module_preset=&#8221;default&#8221; locked=&#8221;off&#8221; collapsed=&#8221;on&#8221; global_colors_info=&#8221;{}&#8221;][et_pb_row _builder_version=&#8221;4.20.0&#8243; _module_preset=&#8221;default&#8221; global_colors_info=&#8221;{}&#8221;][et_pb_column type=&#8221;4_4&#8243; _builder_version=&#8221;4.20.0&#8243; _module_preset=&#8221;default&#8221; global_colors_info=&#8221;{}&#8221;][et_pb_text _builder_version=&#8221;4.24.3&#8243; _module_preset=&#8221;56749b7a-4283-4c85-9fd2-f16f687924e0&#8243; text_orientation=&#8221;center&#8221; locked=&#8221;off&#8221; global_colors_info=&#8221;{}&#8221;]<\/p>\n<h2>Preguntas frecuentes<\/h2>\n<p>[\/et_pb_text][\/et_pb_column][\/et_pb_row][et_pb_row _builder_version=&#8221;4.24.3&#8243; _module_preset=&#8221;default&#8221;][et_pb_column _builder_version=&#8221;4.24.3&#8243; _module_preset=&#8221;default&#8221; type=&#8221;4_4&#8243;][et_pb_accordion _builder_version=&#8221;4.24.3&#8243; _module_preset=&#8221;default&#8221; hover_enabled=&#8221;0&#8243; sticky_enabled=&#8221;0&#8243; custom_margin=&#8221;||3px|||&#8221; toggle_icon=&#8221;&#x3a;||divi||400&#8243; toggle_level=&#8221;h3&#8243; toggle_font=&#8221;|700|||||||&#8221; toggle_font_size=&#8221;19px&#8221; toggle_text_align=&#8221;left&#8221;][et_pb_accordion_item title=&#8221;Accesibilidad&#8221; _builder_version=&#8221;4.24.3&#8243; _module_preset=&#8221;default&#8221; open=&#8221;on&#8221; hover_enabled=&#8221;0&#8243; sticky_enabled=&#8221;0&#8243; toggle_font=&#8221;||||||||&#8221;]<\/p>\n<p><strong>1.- \u00bfSi se da\u00f1a la computadora pierdo los datos?<\/strong><br \/>No porque est\u00e1 completamente en la nube.<\/p>\n<p><strong>2.- \u00bfMe puedo conectar al mismo tiempo en diferentes computadoras con el mismo usuario?<\/strong><br \/>Es correcto, el sistema MSA Gage Pro se encuentra en la nube, con lo que permite conectarse en diferentes computadoras.<\/p>\n<p><strong>3.- \u00bfTengo que seguir usando Minitab para hacer los estudios?<\/strong><br \/>No es necesario, porque el sistema ya tiene preparado los estudios de Repetibilidad y Reproducibilidad, Linealidad, Sesgo y Estabilidad.<\/p>\n<p><strong>4.- \u00bfPuedo acceder desde mi dispositivo m\u00f3vil?<\/strong><br \/>Si, MSA Gage Pro permite acceder desde cualquier pc, tablet, celular ( Android , iOS)<\/p>\n<p><strong>5.- \u00bfPuedo acceder utilizando mi usuario de Microsoft Teams o Google ?<\/strong><br \/>S\u00ed, MSA Gage Pro permite acceder registrando un correo electr\u00f3nico o mediante la autenticaci\u00f3n de Microsoft teams o Google workspace.<\/p>\n<p>[\/et_pb_accordion_item][et_pb_accordion_item title=&#8221;Gesti\u00f3n&#8221; _builder_version=&#8221;4.24.3&#8243; _module_preset=&#8221;default&#8221; open=&#8221;off&#8221; hover_enabled=&#8221;0&#8243; sticky_enabled=&#8221;0&#8243;]<\/p>\n<p><strong>6.- \u00bfTe manda alertas cuando est\u00e1n vencidos o pr\u00f3ximos a vencer?<\/strong><br \/><span>Es correcto, recibir\u00e1s alertas antes de vencer las calibraciones, estudios MSA, mantenimientos y \u00f3rdenes de trabajo.<\/span><\/p>\n<p><strong>7.- \u00bfEs posible subir procedimientos al Sistema MSA Gage Pro?<\/strong><br \/>El Sistema MSA Gage Pro, est\u00e1 listo para subir procedimientos de calibraci\u00f3n o estudios de MSA: Repetibilidad y Reproducibilidad, Linealidad, Sesgo y Estabilidad.<\/p>\n<p><strong>8.- \u00bfSi un equipo se me pierde o da\u00f1a c\u00f3mo lo clasifico?<\/strong><br \/>Es posible modificar ese equipo como da\u00f1ado o como no disponible y agregar notas<\/p>\n<p><strong>9.- \u00bfPuedo configurar la frecuencia y correo de alertas ?<\/strong><br \/>S\u00ed, se puede definir tanto el correo electr\u00f3nico para recibir las alertas como la frecuencia de notificaci\u00f3n (diaria, quincenal, mensual).<\/p>\n<p>[\/et_pb_accordion_item][et_pb_accordion_item title=&#8221;Instrumentos de medici\u00f3n&#8221; _builder_version=&#8221;4.24.3&#8243; _module_preset=&#8221;default&#8221; hover_enabled=&#8221;0&#8243; sticky_enabled=&#8221;0&#8243; open=&#8221;off&#8221;]<\/p>\n<p><strong>10.- \u00bfC\u00f3mo puedo tener la Trazabilidad en el Sistema de Gesti\u00f3n MSA Gage Pro?<\/strong><br \/><span>MSA Gage Pro proporciona un historial completo de cada equipo de medici\u00f3n, incluyendo datos de calibraci\u00f3n, estudio de MSA, reparaciones y uso.<\/span><br \/><span>Esto es esencial para la trazabilidad y para identificar r\u00e1pidamente la causa de cualquier problema que pueda surgir en los procesos de medici\u00f3n.<\/span><\/p>\n<p><strong>11.- \u00bfQu\u00e9 reportes puedo obtener en el Sistema de Gesti\u00f3n MSA Gage Pro?<\/strong><br \/>El sistema MSA Gage Pro, est\u00e1 listo para generar reportes de Estudios de MSA (Repetibilidad y Reproducibilidad, Linealidad, Sesgo y Estabilidad) o de calibraci\u00f3n, pero tambi\u00e9n puedes subir los reportes externos de los Laboratorios de Calibraci\u00f3n.<\/p>\n<p>[\/et_pb_accordion_item][et_pb_accordion_item title=&#8221;Normas&#8221; _builder_version=&#8221;4.24.3&#8243; _module_preset=&#8221;default&#8221; hover_enabled=&#8221;0&#8243; sticky_enabled=&#8221;0&#8243; open=&#8221;off&#8221;]<\/p>\n<p><strong>12.- \u00bfEl Sistema de Gesti\u00f3n MSA Gage Pro facilita la norma de est\u00e1ndares de calidad ISO 9001?<br \/><\/strong>Es correcto, el sistema de medici\u00f3n de MSA Gage Pro garantiza mediciones precisas, vitales desde la adquisici\u00f3n hasta los controles de calidad finales.<\/p>\n<p><strong>13.- \u00bfEl Sistema de Gesti\u00f3n MSA Gage Pro facilita la norma de est\u00e1ndares de Precisi\u00f3n del sector automotriz IATF 16949?<\/strong><br \/>Es correcto, el sistema de medici\u00f3n de MSA Gage Pro valida los sistemas de medici\u00f3n, garantizando el cumplimiento de est\u00e1ndares rigurosos, porque la certificaci\u00f3n IATF 16949 es crucial para la industria automotriz y enfatiza la seguridad y la precisi\u00f3n.<\/p>\n<p><strong>14.- \u00bfEl Sistema de Gesti\u00f3n MSA Gage Pro facilita la norma de est\u00e1ndares de calidad Aeroespacial AS9100?<\/strong><br \/>Es correcto, el sistema de medici\u00f3n de MSA Gage Pro es esencial para realizar mediciones precisas, evitando errores con graves implicaciones para la seguridad y el rendimiento.<\/p>\n<p><strong>15.- \u00bfEl Sistema de Gesti\u00f3n MSA Gage Pro facilita la norma de Optimizaci\u00f3n de la calidad mediante el enfoque en los datos Six Sigma and Lean Manufacturing?<\/strong><br \/>El sistema de an\u00e1lisis de mediciones MSA Gage Pro es esencial, ya que los datos precisos impulsan estos procesos.<\/p>\n<p><strong>16.- \u00bfEl Sistema de Gesti\u00f3n MSA Gage Pro facilita la norma de Administraci\u00f3n de Alimentos y Medicamentos FDA?<\/strong><br \/>El sistema de medici\u00f3n de MSA Gage Pro, respalda el cumplimiento de la Administraci\u00f3n de Alimentos y Medicamentos FDA al garantizar una calibraci\u00f3n peri\u00f3dica y ofrecer un enfoque estructurado para evaluar y validar los sistemas de medici\u00f3n.<\/p>\n<p><strong>17.- \u00bfEl Sistema de Gesti\u00f3n MSA Gage Pro facilita la norma de Modelo de Excelencia y Calidad EFQM?<\/strong><br \/>El sistema de medici\u00f3n de MSA Gage Pro, alineado con los principios del Modelo de Excelencia y Calidad EFQM, garantiza mediciones y an\u00e1lisis precisos, vitales para el desempe\u00f1o de la evaluaci\u00f3n comparativa. Los conocimientos adquiridos permiten a las organizaciones mejorar el rendimiento, la innovaci\u00f3n y la satisfacci\u00f3n del cliente<\/p>\n<p>[\/et_pb_accordion_item][\/et_pb_accordion][\/et_pb_column][\/et_pb_row][\/et_pb_section]<\/p>\n","protected":false},"excerpt":{"rendered":"<p>Preguntas frecuentes1.- \u00bfSi se da\u00f1a la computadora pierdo los datos?No porque est\u00e1 completamente en la nube. 2.- \u00bfMe puedo conectar al mismo tiempo en diferentes computadoras con el mismo usuario?Es correcto, el sistema MSA Gage Pro se encuentra en la nube, con lo que permite conectarse en diferentes computadoras. 3.- \u00bfTengo que seguir usando Minitab [&hellip;]<\/p>\n","protected":false},"author":5,"featured_media":0,"parent":0,"menu_order":0,"comment_status":"closed","ping_status":"closed","template":"","meta":{"_et_pb_use_builder":"on","_et_pb_old_content":"<!-- wp:divi\/placeholder \/-->","_et_gb_content_width":"","content-type":"","footnotes":""},"class_list":["post-2176","page","type-page","status-publish","hentry"],"yoast_head":"<!-- This site is optimized with the Yoast SEO plugin v22.4 - https:\/\/yoast.com\/wordpress\/plugins\/seo\/ -->\n<title>Preguntas Frecuentes - MSA GAGE PRO<\/title>\n<meta name=\"robots\" content=\"index, follow, max-snippet:-1, max-image-preview:large, max-video-preview:-1\" \/>\n<link rel=\"canonical\" href=\"https:\/\/msagagepro.com\/es\/preguntas-frecuentes\/\" \/>\n<meta property=\"og:locale\" content=\"es_ES\" \/>\n<meta property=\"og:type\" content=\"article\" \/>\n<meta property=\"og:title\" content=\"Preguntas Frecuentes - MSA GAGE PRO\" \/>\n<meta property=\"og:description\" content=\"Preguntas frecuentes1.- \u00bfSi se da\u00f1a la computadora pierdo los datos?No porque est\u00e1 completamente en la nube. 2.- \u00bfMe puedo conectar al mismo tiempo en diferentes computadoras con el mismo usuario?Es correcto, el sistema MSA Gage Pro se encuentra en la nube, con lo que permite conectarse en diferentes computadoras. 3.- \u00bfTengo que seguir usando Minitab [&hellip;]\" \/>\n<meta property=\"og:url\" content=\"https:\/\/msagagepro.com\/es\/preguntas-frecuentes\/\" \/>\n<meta property=\"og:site_name\" content=\"MSA GAGE PRO\" \/>\n<meta property=\"article:modified_time\" content=\"2024-08-02T16:03:48+00:00\" \/>\n<meta name=\"twitter:card\" content=\"summary_large_image\" \/>\n<script type=\"application\/ld+json\" class=\"yoast-schema-graph\">{\"@context\":\"https:\/\/schema.org\",\"@graph\":[{\"@type\":\"WebPage\",\"@id\":\"https:\/\/msagagepro.com\/es\/preguntas-frecuentes\/\",\"url\":\"https:\/\/msagagepro.com\/es\/preguntas-frecuentes\/\",\"name\":\"Preguntas Frecuentes - MSA GAGE PRO\",\"isPartOf\":{\"@id\":\"https:\/\/msagagepro.com\/#website\"},\"datePublished\":\"2024-07-27T15:56:53+00:00\",\"dateModified\":\"2024-08-02T16:03:48+00:00\",\"breadcrumb\":{\"@id\":\"https:\/\/msagagepro.com\/es\/preguntas-frecuentes\/#breadcrumb\"},\"inLanguage\":\"es\",\"potentialAction\":[{\"@type\":\"ReadAction\",\"target\":[\"https:\/\/msagagepro.com\/es\/preguntas-frecuentes\/\"]}]},{\"@type\":\"BreadcrumbList\",\"@id\":\"https:\/\/msagagepro.com\/es\/preguntas-frecuentes\/#breadcrumb\",\"itemListElement\":[{\"@type\":\"ListItem\",\"position\":1,\"name\":\"Inicio\",\"item\":\"https:\/\/msagagepro.com\/es\/\"},{\"@type\":\"ListItem\",\"position\":2,\"name\":\"Preguntas Frecuentes\"}]},{\"@type\":\"WebSite\",\"@id\":\"https:\/\/msagagepro.com\/#website\",\"url\":\"https:\/\/msagagepro.com\/\",\"name\":\"MSA GAGE PRO\",\"description\":\"MSA GAGE PRO\",\"publisher\":{\"@id\":\"https:\/\/msagagepro.com\/#organization\"},\"potentialAction\":[{\"@type\":\"SearchAction\",\"target\":{\"@type\":\"EntryPoint\",\"urlTemplate\":\"https:\/\/msagagepro.com\/?s={search_term_string}\"},\"query-input\":\"required name=search_term_string\"}],\"inLanguage\":\"es\"},{\"@type\":\"Organization\",\"@id\":\"https:\/\/msagagepro.com\/#organization\",\"name\":\"MSA GAGE PRO\",\"url\":\"https:\/\/msagagepro.com\/\",\"logo\":{\"@type\":\"ImageObject\",\"inLanguage\":\"es\",\"@id\":\"https:\/\/msagagepro.com\/#\/schema\/logo\/image\/\",\"url\":\"https:\/\/msagagepro.com\/wp-content\/uploads\/2023\/06\/MSA-GAGE-PRO.jpeg\",\"contentUrl\":\"https:\/\/msagagepro.com\/wp-content\/uploads\/2023\/06\/MSA-GAGE-PRO.jpeg\",\"width\":500,\"height\":200,\"caption\":\"MSA GAGE PRO\"},\"image\":{\"@id\":\"https:\/\/msagagepro.com\/#\/schema\/logo\/image\/\"}}]}<\/script>\n<!-- \/ Yoast SEO plugin. -->","yoast_head_json":{"title":"Preguntas Frecuentes - MSA GAGE PRO","robots":{"index":"index","follow":"follow","max-snippet":"max-snippet:-1","max-image-preview":"max-image-preview:large","max-video-preview":"max-video-preview:-1"},"canonical":"https:\/\/msagagepro.com\/es\/preguntas-frecuentes\/","og_locale":"es_ES","og_type":"article","og_title":"Preguntas Frecuentes - MSA GAGE PRO","og_description":"Preguntas frecuentes1.- \u00bfSi se da\u00f1a la computadora pierdo los datos?No porque est\u00e1 completamente en la nube. 2.- \u00bfMe puedo conectar al mismo tiempo en diferentes computadoras con el mismo usuario?Es correcto, el sistema MSA Gage Pro se encuentra en la nube, con lo que permite conectarse en diferentes computadoras. 3.- \u00bfTengo que seguir usando Minitab [&hellip;]","og_url":"https:\/\/msagagepro.com\/es\/preguntas-frecuentes\/","og_site_name":"MSA GAGE PRO","article_modified_time":"2024-08-02T16:03:48+00:00","twitter_card":"summary_large_image","schema":{"@context":"https:\/\/schema.org","@graph":[{"@type":"WebPage","@id":"https:\/\/msagagepro.com\/es\/preguntas-frecuentes\/","url":"https:\/\/msagagepro.com\/es\/preguntas-frecuentes\/","name":"Preguntas Frecuentes - MSA GAGE PRO","isPartOf":{"@id":"https:\/\/msagagepro.com\/#website"},"datePublished":"2024-07-27T15:56:53+00:00","dateModified":"2024-08-02T16:03:48+00:00","breadcrumb":{"@id":"https:\/\/msagagepro.com\/es\/preguntas-frecuentes\/#breadcrumb"},"inLanguage":"es","potentialAction":[{"@type":"ReadAction","target":["https:\/\/msagagepro.com\/es\/preguntas-frecuentes\/"]}]},{"@type":"BreadcrumbList","@id":"https:\/\/msagagepro.com\/es\/preguntas-frecuentes\/#breadcrumb","itemListElement":[{"@type":"ListItem","position":1,"name":"Inicio","item":"https:\/\/msagagepro.com\/es\/"},{"@type":"ListItem","position":2,"name":"Preguntas Frecuentes"}]},{"@type":"WebSite","@id":"https:\/\/msagagepro.com\/#website","url":"https:\/\/msagagepro.com\/","name":"MSA GAGE PRO","description":"MSA GAGE PRO","publisher":{"@id":"https:\/\/msagagepro.com\/#organization"},"potentialAction":[{"@type":"SearchAction","target":{"@type":"EntryPoint","urlTemplate":"https:\/\/msagagepro.com\/?s={search_term_string}"},"query-input":"required name=search_term_string"}],"inLanguage":"es"},{"@type":"Organization","@id":"https:\/\/msagagepro.com\/#organization","name":"MSA GAGE PRO","url":"https:\/\/msagagepro.com\/","logo":{"@type":"ImageObject","inLanguage":"es","@id":"https:\/\/msagagepro.com\/#\/schema\/logo\/image\/","url":"https:\/\/msagagepro.com\/wp-content\/uploads\/2023\/06\/MSA-GAGE-PRO.jpeg","contentUrl":"https:\/\/msagagepro.com\/wp-content\/uploads\/2023\/06\/MSA-GAGE-PRO.jpeg","width":500,"height":200,"caption":"MSA GAGE PRO"},"image":{"@id":"https:\/\/msagagepro.com\/#\/schema\/logo\/image\/"}}]}},"_links":{"self":[{"href":"https:\/\/msagagepro.com\/es\/wp-json\/wp\/v2\/pages\/2176","targetHints":{"allow":["GET"]}}],"collection":[{"href":"https:\/\/msagagepro.com\/es\/wp-json\/wp\/v2\/pages"}],"about":[{"href":"https:\/\/msagagepro.com\/es\/wp-json\/wp\/v2\/types\/page"}],"author":[{"embeddable":true,"href":"https:\/\/msagagepro.com\/es\/wp-json\/wp\/v2\/users\/5"}],"replies":[{"embeddable":true,"href":"https:\/\/msagagepro.com\/es\/wp-json\/wp\/v2\/comments?post=2176"}],"version-history":[{"count":6,"href":"https:\/\/msagagepro.com\/es\/wp-json\/wp\/v2\/pages\/2176\/revisions"}],"predecessor-version":[{"id":2259,"href":"https:\/\/msagagepro.com\/es\/wp-json\/wp\/v2\/pages\/2176\/revisions\/2259"}],"wp:attachment":[{"href":"https:\/\/msagagepro.com\/es\/wp-json\/wp\/v2\/media?parent=2176"}],"curies":[{"name":"wp","href":"https:\/\/api.w.org\/{rel}","templated":true}]}}