{"id":2778,"date":"2025-08-22T18:32:48","date_gmt":"2025-08-22T18:32:48","guid":{"rendered":"https:\/\/msagagepro.com\/?page_id=2778"},"modified":"2025-08-22T18:32:59","modified_gmt":"2025-08-22T18:32:59","slug":"aviso-de-privacidad","status":"publish","type":"page","link":"https:\/\/msagagepro.com\/es\/aviso-de-privacidad\/","title":{"rendered":"Aviso de Privacidad"},"content":{"rendered":"\t\t<div data-elementor-type=\"wp-page\" data-elementor-id=\"2778\" class=\"elementor elementor-2778\" data-elementor-post-type=\"page\">\n\t\t\t\t<div class=\"elementor-element elementor-element-40c2b7d9 e-flex e-con-boxed e-con e-parent\" data-id=\"40c2b7d9\" data-element_type=\"container\">\n\t\t\t\t\t<div class=\"e-con-inner\">\n\t\t\t\t<div class=\"elementor-element elementor-element-38ccc494 elementor-widget elementor-widget-text-editor\" data-id=\"38ccc494\" data-element_type=\"widget\" data-widget_type=\"text-editor.default\">\n\t\t\t\t<div class=\"elementor-widget-container\">\n\t\t\t\t\t\t\t\t\t<p><b>\u00bfQui\u00e9n dar\u00e1 tratamiento a sus datos personales?<br><\/b>Sanlox S. de R.L. de C.V. con domicilio en Av. Fundadores 955 piso 10 C.P. 66269, San Pedro Garza Garc\u00eda, Nuevo Le\u00f3n, M\u00e9xico es el responsable del uso y protecci\u00f3n de sus datos personales y al respecto le informa lo siguiente:<\/p>\n<p><b>\u00bfQu\u00e9 informaci\u00f3n vamos a recabar?<br><\/b>SPC Pro para cumplir con las finalidades se\u00f1aladas en el presente aviso, podr\u00e1 recabar informaci\u00f3n personal de usted a trav\u00e9s de nuestros medios de contacto; formulario, chat, whatsapp, correo electr\u00f3nico, tel\u00e9fono y redes sociales.<\/p>\n<p>Para el efecto SPC Pro tratar\u00e1 los siguientes datos: datos personales de identificaci\u00f3n; nombre completo, correo electr\u00f3nico, tel\u00e9fono, empresa d\u00f3nde labora, puesto y ubicaci\u00f3n geogr\u00e1fica.<\/p>\n<p>Para efectos de lo se\u00f1alado en este aviso de privacidad, SPC Pro no tratar\u00e1 datos personales sensibles.<\/p>\n<p><b>\u00bfPara qu\u00e9 fines usamos su informaci\u00f3n?<br><\/b>Los datos personales que nos proporcione ser\u00e1n utilizados para las siguientes actividades primarias y necesarias: identificarle, contactarle, dar seguimiento, actualizaci\u00f3n y confirmaci\u00f3n de nuestros servicios, brindarle soporte t\u00e9cnico y proveerle el producto y\/o servicio que solicite, evaluar la calidad de los servicios que ofrecemos, responder a sus comentarios o solicitudes de informaci\u00f3n, enviarle notificaciones por cualquier medio sobre sus servicios SPC Pro, as\u00ed como de actualizaciones y servicios nuevos.<\/p>\n<p>En caso de que no desee que sus datos personales sean tratados para dichas finalidades, puede solicitar la oposici\u00f3n al tratamiento de sus datos personales desde este momento a la direcci\u00f3n: marketing@spcpro.com<\/p>\n<p><b>\u00bfQu\u00e9 otros usos podemos darle a tu informaci\u00f3n?<br><\/b>De manera adicional, si usted no se opone, SPC Pro utilizar\u00e1 su informaci\u00f3n personal para informarle del lanzamiento o cambios de nuestros productos y\/o servicios, para ofrecerle promociones y ofertas de acuerdo a sus intereses, incluyendo el env\u00edo de comunicaciones a trav\u00e9s de correos electr\u00f3nicos, llamadas telef\u00f3nicas, mensajes cortos y dem\u00e1s medios de comunicaci\u00f3n, enviarle publicidad y comunicaciones con fines de mercadotecnia, evaluar la calidad de los servicios que ofrecemos y para la realizaci\u00f3n de reportes e investigaciones con fines estad\u00edsticos.<\/p>\n<p>En caso de que no desee que sus datos personales sean tratados para alguna de todas las finalidades adicionales, desde este momento usted nos puede comunicar lo anterior a la direcci\u00f3n: marketing@spcpro.com<\/p>\n<p><b>\u00bfC\u00f3mo puedes ejercer a tus derechos ARCO y\/o revocar tu consentimiento?<br><\/b>Usted tiene derecho de ejercer cualquiera de los derechos de acceso, rectificaci\u00f3n, cancelaci\u00f3n u oposici\u00f3n (en lo sucesivo \u201cderechos Arco\u201d), as\u00ed como revocar su consentimiento para el tratamiento de sus datos personales enviando un correo electr\u00f3nico a la direcci\u00f3n marketing@spcpro.com<\/p>\n<p>Es importante mencionar que el ejercicio de este derecho no requisito previo ni impide el ejercicio de otro derecho.<\/p>\n<p><b>\u00bfC\u00f3mo puedes limitar el uso y\/o divulgaci\u00f3n de tus datos?<br><\/b>Usted podr\u00e1 limitar el uso o divulgaci\u00f3n de sus datos personales enviando su solicitud a la direcci\u00f3n marketing@spcpro.com En caso de que su solicitud sea procedente se le registrar\u00e1 en el listado de exclusi\u00f3n propio de SPC Pro. Para mayor informaci\u00f3n favor de cont\u00e1ctarnos al correo previamente indicado.<\/p>\n<p>El uso de tecnolog\u00edas de rastreo en nuestro portal de Internet<br>SPC Pro (Sanlox S. de R.L. de C.V.) podr\u00e1 utilizar cookies durante su navegaci\u00f3n y uso de nuestro sitio web. Las cookies son ficheros f\u00edsicos de informaci\u00f3n personal alojados en la propia terminal del usuario. El usuario tiene la opci\u00f3n de configurar su navegador para que impida la creaci\u00f3n de cookies.<\/p>\n<p><b>Cambios en el aviso de privacidad<br><\/b>El presente aviso de privacidad puede sufrir modificaciones, cambios o actualizaciones derivadas de nuevos requerimientos legales, de nuestras propias necesidades por los productos o servicios que ofrecemos, de nuestras pr\u00e1cticas de privacidad, de cambios en nuestro modelo de negocios o por otras causas.<\/p>\n<p>Nos comprometemos a mantenerlo informado sobre los cambios que pueda tener el presente aviso de privacidad, a trav\u00e9s de https:\/\/spcpro.com\/<\/p>\t\t\t\t\t\t\t\t<\/div>\n\t\t\t\t<\/div>\n\t\t\t\t\t<\/div>\n\t\t\t\t<\/div>\n\t\t\t\t<\/div>\n\t\t","protected":false},"excerpt":{"rendered":"<p>\u00bfQui\u00e9n dar\u00e1 tratamiento a sus datos personales?Sanlox S. de R.L. de C.V. con domicilio en Av. Fundadores 955 piso 10 C.P. 66269, San Pedro Garza Garc\u00eda, Nuevo Le\u00f3n, M\u00e9xico es el responsable del uso y protecci\u00f3n de sus datos personales y al respecto le informa lo siguiente: \u00bfQu\u00e9 informaci\u00f3n vamos a recabar?SPC Pro para cumplir [&hellip;]<\/p>\n","protected":false},"author":5,"featured_media":0,"parent":0,"menu_order":0,"comment_status":"closed","ping_status":"closed","template":"","meta":{"_et_pb_use_builder":"off","_et_pb_old_content":"","_et_gb_content_width":"","content-type":"","footnotes":""},"class_list":["post-2778","page","type-page","status-publish","hentry"],"yoast_head":"<!-- This site is optimized with the Yoast SEO plugin v22.4 - https:\/\/yoast.com\/wordpress\/plugins\/seo\/ -->\n<title>Aviso de Privacidad - MSA GAGE PRO<\/title>\n<meta name=\"robots\" content=\"index, follow, max-snippet:-1, max-image-preview:large, max-video-preview:-1\" \/>\n<link rel=\"canonical\" href=\"https:\/\/msagagepro.com\/es\/aviso-de-privacidad\/\" \/>\n<meta property=\"og:locale\" content=\"es_ES\" \/>\n<meta property=\"og:type\" content=\"article\" \/>\n<meta property=\"og:title\" content=\"Aviso de Privacidad - MSA GAGE PRO\" \/>\n<meta property=\"og:description\" content=\"\u00bfQui\u00e9n dar\u00e1 tratamiento a sus datos personales?Sanlox S. de R.L. de C.V. con domicilio en Av. Fundadores 955 piso 10 C.P. 66269, San Pedro Garza Garc\u00eda, Nuevo Le\u00f3n, M\u00e9xico es el responsable del uso y protecci\u00f3n de sus datos personales y al respecto le informa lo siguiente: \u00bfQu\u00e9 informaci\u00f3n vamos a recabar?SPC Pro para cumplir [&hellip;]\" \/>\n<meta property=\"og:url\" content=\"https:\/\/msagagepro.com\/es\/aviso-de-privacidad\/\" \/>\n<meta property=\"og:site_name\" content=\"MSA GAGE PRO\" \/>\n<meta property=\"article:modified_time\" content=\"2025-08-22T18:32:59+00:00\" \/>\n<meta name=\"twitter:card\" content=\"summary_large_image\" \/>\n<meta name=\"twitter:label1\" content=\"Tiempo de lectura\" \/>\n\t<meta name=\"twitter:data1\" content=\"3 minutos\" \/>\n<script type=\"application\/ld+json\" class=\"yoast-schema-graph\">{\"@context\":\"https:\/\/schema.org\",\"@graph\":[{\"@type\":\"WebPage\",\"@id\":\"https:\/\/msagagepro.com\/es\/aviso-de-privacidad\/\",\"url\":\"https:\/\/msagagepro.com\/es\/aviso-de-privacidad\/\",\"name\":\"Aviso de Privacidad - MSA GAGE PRO\",\"isPartOf\":{\"@id\":\"https:\/\/msagagepro.com\/#website\"},\"datePublished\":\"2025-08-22T18:32:48+00:00\",\"dateModified\":\"2025-08-22T18:32:59+00:00\",\"breadcrumb\":{\"@id\":\"https:\/\/msagagepro.com\/es\/aviso-de-privacidad\/#breadcrumb\"},\"inLanguage\":\"es\",\"potentialAction\":[{\"@type\":\"ReadAction\",\"target\":[\"https:\/\/msagagepro.com\/es\/aviso-de-privacidad\/\"]}]},{\"@type\":\"BreadcrumbList\",\"@id\":\"https:\/\/msagagepro.com\/es\/aviso-de-privacidad\/#breadcrumb\",\"itemListElement\":[{\"@type\":\"ListItem\",\"position\":1,\"name\":\"Inicio\",\"item\":\"https:\/\/msagagepro.com\/es\/\"},{\"@type\":\"ListItem\",\"position\":2,\"name\":\"Aviso de Privacidad\"}]},{\"@type\":\"WebSite\",\"@id\":\"https:\/\/msagagepro.com\/#website\",\"url\":\"https:\/\/msagagepro.com\/\",\"name\":\"MSA GAGE PRO\",\"description\":\"MSA GAGE PRO\",\"publisher\":{\"@id\":\"https:\/\/msagagepro.com\/#organization\"},\"potentialAction\":[{\"@type\":\"SearchAction\",\"target\":{\"@type\":\"EntryPoint\",\"urlTemplate\":\"https:\/\/msagagepro.com\/?s={search_term_string}\"},\"query-input\":\"required name=search_term_string\"}],\"inLanguage\":\"es\"},{\"@type\":\"Organization\",\"@id\":\"https:\/\/msagagepro.com\/#organization\",\"name\":\"MSA GAGE PRO\",\"url\":\"https:\/\/msagagepro.com\/\",\"logo\":{\"@type\":\"ImageObject\",\"inLanguage\":\"es\",\"@id\":\"https:\/\/msagagepro.com\/#\/schema\/logo\/image\/\",\"url\":\"https:\/\/msagagepro.com\/wp-content\/uploads\/2023\/06\/MSA-GAGE-PRO.jpeg\",\"contentUrl\":\"https:\/\/msagagepro.com\/wp-content\/uploads\/2023\/06\/MSA-GAGE-PRO.jpeg\",\"width\":500,\"height\":200,\"caption\":\"MSA GAGE PRO\"},\"image\":{\"@id\":\"https:\/\/msagagepro.com\/#\/schema\/logo\/image\/\"}}]}<\/script>\n<!-- \/ Yoast SEO plugin. -->","yoast_head_json":{"title":"Aviso de Privacidad - MSA GAGE PRO","robots":{"index":"index","follow":"follow","max-snippet":"max-snippet:-1","max-image-preview":"max-image-preview:large","max-video-preview":"max-video-preview:-1"},"canonical":"https:\/\/msagagepro.com\/es\/aviso-de-privacidad\/","og_locale":"es_ES","og_type":"article","og_title":"Aviso de Privacidad - MSA GAGE PRO","og_description":"\u00bfQui\u00e9n dar\u00e1 tratamiento a sus datos personales?Sanlox S. de R.L. de C.V. con domicilio en Av. Fundadores 955 piso 10 C.P. 66269, San Pedro Garza Garc\u00eda, Nuevo Le\u00f3n, M\u00e9xico es el responsable del uso y protecci\u00f3n de sus datos personales y al respecto le informa lo siguiente: \u00bfQu\u00e9 informaci\u00f3n vamos a recabar?SPC Pro para cumplir [&hellip;]","og_url":"https:\/\/msagagepro.com\/es\/aviso-de-privacidad\/","og_site_name":"MSA GAGE PRO","article_modified_time":"2025-08-22T18:32:59+00:00","twitter_card":"summary_large_image","twitter_misc":{"Tiempo de lectura":"3 minutos"},"schema":{"@context":"https:\/\/schema.org","@graph":[{"@type":"WebPage","@id":"https:\/\/msagagepro.com\/es\/aviso-de-privacidad\/","url":"https:\/\/msagagepro.com\/es\/aviso-de-privacidad\/","name":"Aviso de Privacidad - MSA GAGE PRO","isPartOf":{"@id":"https:\/\/msagagepro.com\/#website"},"datePublished":"2025-08-22T18:32:48+00:00","dateModified":"2025-08-22T18:32:59+00:00","breadcrumb":{"@id":"https:\/\/msagagepro.com\/es\/aviso-de-privacidad\/#breadcrumb"},"inLanguage":"es","potentialAction":[{"@type":"ReadAction","target":["https:\/\/msagagepro.com\/es\/aviso-de-privacidad\/"]}]},{"@type":"BreadcrumbList","@id":"https:\/\/msagagepro.com\/es\/aviso-de-privacidad\/#breadcrumb","itemListElement":[{"@type":"ListItem","position":1,"name":"Inicio","item":"https:\/\/msagagepro.com\/es\/"},{"@type":"ListItem","position":2,"name":"Aviso de Privacidad"}]},{"@type":"WebSite","@id":"https:\/\/msagagepro.com\/#website","url":"https:\/\/msagagepro.com\/","name":"MSA GAGE PRO","description":"MSA GAGE PRO","publisher":{"@id":"https:\/\/msagagepro.com\/#organization"},"potentialAction":[{"@type":"SearchAction","target":{"@type":"EntryPoint","urlTemplate":"https:\/\/msagagepro.com\/?s={search_term_string}"},"query-input":"required name=search_term_string"}],"inLanguage":"es"},{"@type":"Organization","@id":"https:\/\/msagagepro.com\/#organization","name":"MSA GAGE PRO","url":"https:\/\/msagagepro.com\/","logo":{"@type":"ImageObject","inLanguage":"es","@id":"https:\/\/msagagepro.com\/#\/schema\/logo\/image\/","url":"https:\/\/msagagepro.com\/wp-content\/uploads\/2023\/06\/MSA-GAGE-PRO.jpeg","contentUrl":"https:\/\/msagagepro.com\/wp-content\/uploads\/2023\/06\/MSA-GAGE-PRO.jpeg","width":500,"height":200,"caption":"MSA GAGE PRO"},"image":{"@id":"https:\/\/msagagepro.com\/#\/schema\/logo\/image\/"}}]}},"_links":{"self":[{"href":"https:\/\/msagagepro.com\/es\/wp-json\/wp\/v2\/pages\/2778","targetHints":{"allow":["GET"]}}],"collection":[{"href":"https:\/\/msagagepro.com\/es\/wp-json\/wp\/v2\/pages"}],"about":[{"href":"https:\/\/msagagepro.com\/es\/wp-json\/wp\/v2\/types\/page"}],"author":[{"embeddable":true,"href":"https:\/\/msagagepro.com\/es\/wp-json\/wp\/v2\/users\/5"}],"replies":[{"embeddable":true,"href":"https:\/\/msagagepro.com\/es\/wp-json\/wp\/v2\/comments?post=2778"}],"version-history":[{"count":6,"href":"https:\/\/msagagepro.com\/es\/wp-json\/wp\/v2\/pages\/2778\/revisions"}],"predecessor-version":[{"id":2786,"href":"https:\/\/msagagepro.com\/es\/wp-json\/wp\/v2\/pages\/2778\/revisions\/2786"}],"wp:attachment":[{"href":"https:\/\/msagagepro.com\/es\/wp-json\/wp\/v2\/media?parent=2778"}],"curies":[{"name":"wp","href":"https:\/\/api.w.org\/{rel}","templated":true}]}}