{"id":315,"date":"2023-06-09T21:25:38","date_gmt":"2023-06-09T21:25:38","guid":{"rendered":"https:\/\/msagagepro.com\/?page_id=315"},"modified":"2024-01-30T22:10:15","modified_gmt":"2024-01-30T22:10:15","slug":"gracias","status":"publish","type":"page","link":"https:\/\/msagagepro.com\/es\/gracias\/","title":{"rendered":"Gracias"},"content":{"rendered":"<p>[et_pb_section fb_built=&#8221;1&#8243; admin_label=&#8221;Header&#8221; _builder_version=&#8221;4.21.0&#8243; _module_preset=&#8221;default&#8221; overflow-x=&#8221;hidden&#8221; overflow-y=&#8221;hidden&#8221; custom_margin=&#8221;50px||||false|false&#8221; collapsed=&#8221;on&#8221; global_colors_info=&#8221;{}&#8221;][et_pb_row column_structure=&#8221;3_5,2_5&#8243; _builder_version=&#8221;4.19.2&#8243; _module_preset=&#8221;default&#8221; module_alignment_tablet=&#8221;center&#8221; module_alignment_phone=&#8221;center&#8221; module_alignment_last_edited=&#8221;off|desktop&#8221; global_colors_info=&#8221;{}&#8221;][et_pb_column type=&#8221;3_5&#8243; _builder_version=&#8221;4.19.2&#8243; _module_preset=&#8221;default&#8221; z_index=&#8221;10&#8243; custom_padding=&#8221;14%||||false|false&#8221; custom_padding_tablet=&#8221;0px||||false|false&#8221; custom_padding_phone=&#8221;0px||||false|false&#8221; custom_padding_last_edited=&#8221;on|tablet&#8221; global_colors_info=&#8221;{}&#8221;][et_pb_text _builder_version=&#8221;4.21.0&#8243; _module_preset=&#8221;095d577e-ab4d-4a1f-9ec6-aca8dd784055&#8243; header_4_font=&#8221;Poppins|600||on|||||&#8221; custom_margin=&#8221;-120px||0px||false|false&#8221; hover_enabled=&#8221;0&#8243; global_colors_info=&#8221;{}&#8221; sticky_enabled=&#8221;0&#8243;]<\/p>\n<h4>SOFTWARE DE GESTI\u00d3N DE INSTRUMENTOS DE MEDICI\u00d3N<\/h4>\n<p>[\/et_pb_text][et_pb_text _builder_version=&#8221;4.21.0&#8243; _module_preset=&#8221;7585f3e3-3da9-4189-b110-ac618afdd228&#8243; header_font_size=&#8221;44px&#8221; custom_margin=&#8221;|-20%|||false|false&#8221; custom_margin_tablet=&#8221;|0%|||false|false&#8221; custom_margin_phone=&#8221;|0%|||false|false&#8221; custom_margin_last_edited=&#8221;on|tablet&#8221; header_font_size_tablet=&#8221;6vw&#8221; header_font_size_phone=&#8221;6vw&#8221; global_colors_info=&#8221;{}&#8221;]<\/p>\n<h1>Est\u00e1s a unos pasos<\/h1>\n<h1>de tener todos<\/h1>\n<h1>tus dispositivos al d\u00eda<\/h1>\n<p>[\/et_pb_text][et_pb_text _builder_version=&#8221;4.21.0&#8243; _module_preset=&#8221;default&#8221; text_font=&#8221;Poppins||||||||&#8221; custom_margin=&#8221;-15px||||false|false&#8221; global_colors_info=&#8221;{}&#8221;]<\/p>\n<p>Revisa por favor el email que te acabamos de enviar<\/p>\n<p>(si no lo has recibido busca en carpeta de promociones o spam)<\/p>\n<p>O si lo prefieres, ingresa directamente en el bot\u00f3n de abajo<\/p>\n<p>y da clic en la pesta\u00f1a &#8220;Registrarse&#8221; para crear tu cuenta.<\/p>\n<p>[\/et_pb_text][et_pb_button button_url=&#8221;http:\/\/app.msagagepro.com&#8221; button_text=&#8221;IR A MI CUENTA&#8221; _builder_version=&#8221;4.21.0&#8243; _module_preset=&#8221;df867a56-6fa0-4e43-b7e2-93fba0c62fdc&#8221; button_text_color=&#8221;#FFFFFF&#8221; button_bg_color=&#8221;#5a207b&#8221; button_border_color=&#8221;RGBA(255,255,255,0)&#8221; custom_margin=&#8221;-10px||||false|false&#8221; global_colors_info=&#8221;{}&#8221;][\/et_pb_button][\/et_pb_column][et_pb_column type=&#8221;2_5&#8243; _builder_version=&#8221;4.19.0&#8243; _module_preset=&#8221;default&#8221; custom_padding=&#8221;||||false|false&#8221; global_colors_info=&#8221;{}&#8221;][et_pb_image src=&#8221;https:\/\/msagagepro.com\/wp-content\/uploads\/2023\/06\/Diseno-sin-titulo-70.png&#8221; title_text=&#8221;Dise\u00f1o sin t\u00edtulo (70)&#8221; admin_label=&#8221;Image&#8221; _builder_version=&#8221;4.21.0&#8243; _module_preset=&#8221;default&#8221; position_origin_a=&#8221;top_right&#8221; custom_margin=&#8221;-30%|-15vw||-60%|false|false&#8221; custom_margin_tablet=&#8221;0%|-10vw||-10vw|false|true&#8221; custom_margin_phone=&#8221;0%|-10vw||-10vw|false|true&#8221; custom_margin_last_edited=&#8221;on|tablet&#8221; global_colors_info=&#8221;{}&#8221;][\/et_pb_image][\/et_pb_column][\/et_pb_row][\/et_pb_section]<\/p>\n","protected":false},"excerpt":{"rendered":"<p>SOFTWARE DE GESTI\u00d3N DE INSTRUMENTOS DE MEDICI\u00d3NEst\u00e1s a unos pasos de tener todos tus dispositivos al d\u00edaRevisa por favor el email que te acabamos de enviar (si no lo has recibido busca en carpeta de promociones o spam) O si lo prefieres, ingresa directamente en el bot\u00f3n de abajo y da clic en la pesta\u00f1a [&hellip;]<\/p>\n","protected":false},"author":1,"featured_media":0,"parent":0,"menu_order":0,"comment_status":"closed","ping_status":"closed","template":"","meta":{"_et_pb_use_builder":"on","_et_pb_old_content":"","_et_gb_content_width":"","content-type":"","footnotes":""},"class_list":["post-315","page","type-page","status-publish","hentry"],"yoast_head":"<!-- This site is optimized with the Yoast SEO plugin v22.4 - https:\/\/yoast.com\/wordpress\/plugins\/seo\/ -->\n<title>Gracias - MSA GAGE PRO<\/title>\n<meta name=\"description\" content=\"Gracias por tu inter\u00e9s en crear tu cuenta en nuestro software de gesti\u00f3n de instrumentos de medici\u00f3n MSA Gage Pro\" \/>\n<meta name=\"robots\" content=\"index, follow, max-snippet:-1, max-image-preview:large, max-video-preview:-1\" \/>\n<link rel=\"canonical\" href=\"https:\/\/msagagepro.com\/es\/gracias\/\" \/>\n<meta property=\"og:locale\" content=\"es_ES\" \/>\n<meta property=\"og:type\" content=\"article\" \/>\n<meta property=\"og:title\" content=\"Gracias - MSA GAGE PRO\" \/>\n<meta property=\"og:description\" content=\"Gracias por tu inter\u00e9s en crear tu cuenta en nuestro software de gesti\u00f3n de instrumentos de medici\u00f3n MSA Gage Pro\" \/>\n<meta property=\"og:url\" content=\"https:\/\/msagagepro.com\/es\/gracias\/\" \/>\n<meta property=\"og:site_name\" content=\"MSA GAGE PRO\" \/>\n<meta property=\"article:modified_time\" content=\"2024-01-30T22:10:15+00:00\" \/>\n<meta name=\"twitter:card\" content=\"summary_large_image\" \/>\n<meta name=\"twitter:label1\" content=\"Tiempo de lectura\" \/>\n\t<meta name=\"twitter:data1\" content=\"9 minutos\" \/>\n<script type=\"application\/ld+json\" class=\"yoast-schema-graph\">{\"@context\":\"https:\/\/schema.org\",\"@graph\":[{\"@type\":\"WebPage\",\"@id\":\"https:\/\/msagagepro.com\/es\/gracias\/\",\"url\":\"https:\/\/msagagepro.com\/es\/gracias\/\",\"name\":\"Gracias - MSA GAGE PRO\",\"isPartOf\":{\"@id\":\"https:\/\/msagagepro.com\/#website\"},\"datePublished\":\"2023-06-09T21:25:38+00:00\",\"dateModified\":\"2024-01-30T22:10:15+00:00\",\"description\":\"Gracias por tu inter\u00e9s en crear tu cuenta en nuestro software de gesti\u00f3n de instrumentos de medici\u00f3n MSA Gage Pro\",\"breadcrumb\":{\"@id\":\"https:\/\/msagagepro.com\/es\/gracias\/#breadcrumb\"},\"inLanguage\":\"es\",\"potentialAction\":[{\"@type\":\"ReadAction\",\"target\":[\"https:\/\/msagagepro.com\/es\/gracias\/\"]}]},{\"@type\":\"BreadcrumbList\",\"@id\":\"https:\/\/msagagepro.com\/es\/gracias\/#breadcrumb\",\"itemListElement\":[{\"@type\":\"ListItem\",\"position\":1,\"name\":\"Inicio\",\"item\":\"https:\/\/msagagepro.com\/es\/\"},{\"@type\":\"ListItem\",\"position\":2,\"name\":\"Gracias\"}]},{\"@type\":\"WebSite\",\"@id\":\"https:\/\/msagagepro.com\/#website\",\"url\":\"https:\/\/msagagepro.com\/\",\"name\":\"MSA GAGE PRO\",\"description\":\"MSA GAGE PRO\",\"publisher\":{\"@id\":\"https:\/\/msagagepro.com\/#organization\"},\"potentialAction\":[{\"@type\":\"SearchAction\",\"target\":{\"@type\":\"EntryPoint\",\"urlTemplate\":\"https:\/\/msagagepro.com\/?s={search_term_string}\"},\"query-input\":\"required name=search_term_string\"}],\"inLanguage\":\"es\"},{\"@type\":\"Organization\",\"@id\":\"https:\/\/msagagepro.com\/#organization\",\"name\":\"MSA GAGE PRO\",\"url\":\"https:\/\/msagagepro.com\/\",\"logo\":{\"@type\":\"ImageObject\",\"inLanguage\":\"es\",\"@id\":\"https:\/\/msagagepro.com\/#\/schema\/logo\/image\/\",\"url\":\"https:\/\/msagagepro.com\/wp-content\/uploads\/2023\/06\/MSA-GAGE-PRO.jpeg\",\"contentUrl\":\"https:\/\/msagagepro.com\/wp-content\/uploads\/2023\/06\/MSA-GAGE-PRO.jpeg\",\"width\":500,\"height\":200,\"caption\":\"MSA GAGE PRO\"},\"image\":{\"@id\":\"https:\/\/msagagepro.com\/#\/schema\/logo\/image\/\"}}]}<\/script>\n<!-- \/ Yoast SEO plugin. -->","yoast_head_json":{"title":"Gracias - MSA GAGE PRO","description":"Gracias por tu inter\u00e9s en crear tu cuenta en nuestro software de gesti\u00f3n de instrumentos de medici\u00f3n MSA Gage Pro","robots":{"index":"index","follow":"follow","max-snippet":"max-snippet:-1","max-image-preview":"max-image-preview:large","max-video-preview":"max-video-preview:-1"},"canonical":"https:\/\/msagagepro.com\/es\/gracias\/","og_locale":"es_ES","og_type":"article","og_title":"Gracias - MSA GAGE PRO","og_description":"Gracias por tu inter\u00e9s en crear tu cuenta en nuestro software de gesti\u00f3n de instrumentos de medici\u00f3n MSA Gage Pro","og_url":"https:\/\/msagagepro.com\/es\/gracias\/","og_site_name":"MSA GAGE PRO","article_modified_time":"2024-01-30T22:10:15+00:00","twitter_card":"summary_large_image","twitter_misc":{"Tiempo de lectura":"9 minutos"},"schema":{"@context":"https:\/\/schema.org","@graph":[{"@type":"WebPage","@id":"https:\/\/msagagepro.com\/es\/gracias\/","url":"https:\/\/msagagepro.com\/es\/gracias\/","name":"Gracias - MSA GAGE PRO","isPartOf":{"@id":"https:\/\/msagagepro.com\/#website"},"datePublished":"2023-06-09T21:25:38+00:00","dateModified":"2024-01-30T22:10:15+00:00","description":"Gracias por tu inter\u00e9s en crear tu cuenta en nuestro software de gesti\u00f3n de instrumentos de medici\u00f3n MSA Gage Pro","breadcrumb":{"@id":"https:\/\/msagagepro.com\/es\/gracias\/#breadcrumb"},"inLanguage":"es","potentialAction":[{"@type":"ReadAction","target":["https:\/\/msagagepro.com\/es\/gracias\/"]}]},{"@type":"BreadcrumbList","@id":"https:\/\/msagagepro.com\/es\/gracias\/#breadcrumb","itemListElement":[{"@type":"ListItem","position":1,"name":"Inicio","item":"https:\/\/msagagepro.com\/es\/"},{"@type":"ListItem","position":2,"name":"Gracias"}]},{"@type":"WebSite","@id":"https:\/\/msagagepro.com\/#website","url":"https:\/\/msagagepro.com\/","name":"MSA GAGE PRO","description":"MSA GAGE PRO","publisher":{"@id":"https:\/\/msagagepro.com\/#organization"},"potentialAction":[{"@type":"SearchAction","target":{"@type":"EntryPoint","urlTemplate":"https:\/\/msagagepro.com\/?s={search_term_string}"},"query-input":"required name=search_term_string"}],"inLanguage":"es"},{"@type":"Organization","@id":"https:\/\/msagagepro.com\/#organization","name":"MSA GAGE PRO","url":"https:\/\/msagagepro.com\/","logo":{"@type":"ImageObject","inLanguage":"es","@id":"https:\/\/msagagepro.com\/#\/schema\/logo\/image\/","url":"https:\/\/msagagepro.com\/wp-content\/uploads\/2023\/06\/MSA-GAGE-PRO.jpeg","contentUrl":"https:\/\/msagagepro.com\/wp-content\/uploads\/2023\/06\/MSA-GAGE-PRO.jpeg","width":500,"height":200,"caption":"MSA GAGE PRO"},"image":{"@id":"https:\/\/msagagepro.com\/#\/schema\/logo\/image\/"}}]}},"_links":{"self":[{"href":"https:\/\/msagagepro.com\/es\/wp-json\/wp\/v2\/pages\/315","targetHints":{"allow":["GET"]}}],"collection":[{"href":"https:\/\/msagagepro.com\/es\/wp-json\/wp\/v2\/pages"}],"about":[{"href":"https:\/\/msagagepro.com\/es\/wp-json\/wp\/v2\/types\/page"}],"author":[{"embeddable":true,"href":"https:\/\/msagagepro.com\/es\/wp-json\/wp\/v2\/users\/1"}],"replies":[{"embeddable":true,"href":"https:\/\/msagagepro.com\/es\/wp-json\/wp\/v2\/comments?post=315"}],"version-history":[{"count":10,"href":"https:\/\/msagagepro.com\/es\/wp-json\/wp\/v2\/pages\/315\/revisions"}],"predecessor-version":[{"id":1874,"href":"https:\/\/msagagepro.com\/es\/wp-json\/wp\/v2\/pages\/315\/revisions\/1874"}],"wp:attachment":[{"href":"https:\/\/msagagepro.com\/es\/wp-json\/wp\/v2\/media?parent=315"}],"curies":[{"name":"wp","href":"https:\/\/api.w.org\/{rel}","templated":true}]}}